{"id":721,"date":"2024-05-31T00:03:11","date_gmt":"2024-05-30T21:03:11","guid":{"rendered":"https:\/\/www.bkymuhendislik.com\/en\/?page_id=721"},"modified":"2024-05-31T00:03:56","modified_gmt":"2024-05-30T21:03:56","slug":"corporate-social-responsibility-policy","status":"publish","type":"page","link":"https:\/\/www.bkymuhendislik.com\/en\/corporate-social-responsibility-policy\/","title":{"rendered":"Corporate Social Responsibility Policy"},"content":{"rendered":"\n<figure class=\"wp-block-image size-large\"><img loading=\"lazy\" decoding=\"async\" width=\"1024\" height=\"576\" src=\"https:\/\/www.bkymuhendislik.com\/en\/wp-content\/uploads\/2024\/05\/bkymuhendislik_kurumsal_sosyal_sorumluluk_politikasi-1024x576.webp\" alt=\"\" class=\"wp-image-691\" srcset=\"https:\/\/www.bkymuhendislik.com\/en\/wp-content\/uploads\/2024\/05\/bkymuhendislik_kurumsal_sosyal_sorumluluk_politikasi-1024x576.webp 1024w, https:\/\/www.bkymuhendislik.com\/en\/wp-content\/uploads\/2024\/05\/bkymuhendislik_kurumsal_sosyal_sorumluluk_politikasi-300x169.webp 300w, https:\/\/www.bkymuhendislik.com\/en\/wp-content\/uploads\/2024\/05\/bkymuhendislik_kurumsal_sosyal_sorumluluk_politikasi-768x432.webp 768w, https:\/\/www.bkymuhendislik.com\/en\/wp-content\/uploads\/2024\/05\/bkymuhendislik_kurumsal_sosyal_sorumluluk_politikasi-1536x864.webp 1536w, https:\/\/www.bkymuhendislik.com\/en\/wp-content\/uploads\/2024\/05\/bkymuhendislik_kurumsal_sosyal_sorumluluk_politikasi.webp 1920w\" sizes=\"auto, (max-width: 1024px) 100vw, 1024px\" \/><\/figure>\n\n\n<div class=\"singleHeading\">\n\t<div class=\"inner\">\n\t\t<span class=\"safiricon icon\"><svg class=\"safiricon-takim\"><use href=\"#safiricon-takim\"><\/use><\/svg><\/span>\t\t<div class=\"text\">Corporate Social Responsibility Policy<\/div>\n\t<\/div>\n<\/div>\n\n\n<p><strong>\u00dcretimin ve y\u00f6netimin her a\u015famas\u0131nda \u00e7al\u0131\u015fanlar\u0131m\u0131za, topluma ve \u00e7evreye kar\u015f\u0131 sosyal sorumluluk bilinci ile hareket etmeyi temel y\u00f6netim anlay\u0131\u015f\u0131 olarak benimseyen \u015firketimiz;<\/strong><\/p>\n\n\n\n<div class=\"\" data-col=\"2\"><ul class=\"wp-block-list\">\n<li>\u00c7ocuk ve gen\u00e7 i\u015f\u00e7i \u00e7al\u0131\u015ft\u0131rma usul ve esaslar\u0131na uygun hareket etmeyi ve 18 ya\u015f\u0131n alt\u0131nda i\u015f\u00e7i \u00e7al\u0131\u015ft\u0131rmamay\u0131,&nbsp;<\/li>\n\n\n\n<li>\u00c7al\u0131\u015fanlar\u0131 \u0131rk, renk, dil, etnik k\u00f6ken, siyasi g\u00f6r\u00fc\u015f, medeni durum, ya\u015f, hamilelik veya cinsiyet ayr\u0131m\u0131na g\u00f6re de\u011fil, i\u015fi yapabilme becerilerini esas alarak istihdam etmeyi, ayr\u0131ca \u00fccretlendirme, sosyal &nbsp;yard\u0131m ve terfileri de bu do\u011frultuda ger\u00e7ekle\u015ftirmeyi;<\/li>\n\n\n\n<li>Her \u00e7al\u0131\u015fan\u0131n ki\u015fili\u011fine ve onuruna sayg\u0131 g\u00f6stermeyi, s\u00f6zl\u00fc, fiziksel veya psikolojik taciz &nbsp; &nbsp;ya da zorlamaya izin vermemeyi,<\/li>\n\n\n\n<li>\u00c7al\u0131\u015fma saatlerinin belirlenmesinde y\u00fcr\u00fcrl\u00fckteki kanun ve y\u00fck\u00fcml\u00fcl\u00fcklere, fazla mesaide g\u00f6n\u00fcll\u00fcl\u00fck esas\u0131na uymay\u0131,<\/li>\n\n\n\n<li>Kanunlar ile karara ba\u011flanan normal ve fazla \u00e7al\u0131\u015fma \u00f6demelerini yapmay\u0131,&nbsp;<\/li>\n\n\n\n<li>Risk analizine dayal\u0131 proaktif bir yakla\u015f\u0131m benimsemeyi, t\u00fcm \u00e7al\u0131\u015fanlar\u0131n i\u015f sa\u011fl\u0131\u011f\u0131 ve g\u00fcvenli\u011fi uygulamalar\u0131na kat\u0131l\u0131m\u0131n\u0131 sa\u011flamay\u0131 ve \u00e7al\u0131\u015fanlar\u0131n genel sa\u011fl\u0131\u011f\u0131n\u0131 \u00f6n planda tutan bir \u00e7al\u0131\u015fma sistemi benimsemeyi,<\/li>\n\n\n\n<li>Y\u00fcr\u00fcrl\u00fckteki \u00e7evre mevzuat\u0131na uymay\u0131, \u00e7evre boyutlar\u0131 ve etki de\u011ferlendirmesine dayal\u0131 olarak \u00e7evre kirlenmesini \u00f6nlemeyi ve kirlili\u011fi kayna\u011f\u0131nda azaltmay\u0131,<\/li>\n\n\n\n<li>M\u00fc\u015fteri memnuniyeti odakl\u0131 bir anlay\u0131\u015f ile, hizmetlerimizi zaman\u0131nda ve s\u00f6z verdi\u011fimiz ko\u015fullarda sunmay\u0131, m\u00fc\u015fterimize sayg\u0131, e\u015fitlik ve nezaket \u00e7er\u00e7evesinde yakla\u015fmay\u0131,<\/li>\n\n\n\n<li>R\u00fc\u015fvet ve yolsuzluklar\u0131 hi\u00e7bir ko\u015ful alt\u0131nda kabul etmemeyi, etik kurallar \u00e7er\u00e7evesinde davranmay\u0131,<\/li>\n\n\n\n<li>T\u00fcrkiye\u2019nin ve faaliyet g\u00f6sterdi\u011fimiz \u00fclkelerin gelenek ve k\u00fclt\u00fcrlerine duyarl\u0131 davranmay\u0131, t\u00fcm yasal d\u00fczenlemelere uygun hareket etmeyi,<\/li>\n\n\n\n<li>Tedarik\u00e7ilerimizin ilkelerimizle paralel uygulamalar i\u00e7inde olmas\u0131na \u00f6zen g\u00f6stermeyi,&nbsp; taahh\u00fct ederiz.<\/li>\n<\/ul><\/div>\n","protected":false},"excerpt":{"rendered":"<p>\u00dcretimin ve y\u00f6netimin her a\u015famas\u0131nda \u00e7al\u0131\u015fanlar\u0131m\u0131za, topluma ve \u00e7evreye kar\u015f\u0131 sosyal sorumluluk bilinci ile hareket etmeyi temel y\u00f6netim anlay\u0131\u015f\u0131 olarak benimseyen \u015firketimiz;<\/p>\n","protected":false},"author":1,"featured_media":0,"parent":0,"menu_order":0,"comment_status":"closed","ping_status":"closed","template":"","meta":{"footnotes":""},"class_list":["post-721","page","type-page","status-publish","hentry"],"yoast_head":"<!-- This site is optimized with the Yoast SEO plugin v22.8 - https:\/\/yoast.com\/wordpress\/plugins\/seo\/ -->\n<title>Corporate Social Responsibility Policy - BKY Engineering<\/title>\n<meta name=\"robots\" content=\"index, follow, max-snippet:-1, max-image-preview:large, max-video-preview:-1\" \/>\n<link rel=\"canonical\" href=\"https:\/\/www.bkymuhendislik.com\/en\/corporate-social-responsibility-policy\/\" \/>\n<meta property=\"og:locale\" content=\"tr_TR\" \/>\n<meta property=\"og:type\" content=\"article\" \/>\n<meta property=\"og:title\" content=\"Corporate Social Responsibility Policy - BKY Engineering\" \/>\n<meta property=\"og:description\" content=\"\u00dcretimin ve y\u00f6netimin her a\u015famas\u0131nda \u00e7al\u0131\u015fanlar\u0131m\u0131za, topluma ve \u00e7evreye kar\u015f\u0131 sosyal sorumluluk bilinci ile hareket etmeyi temel y\u00f6netim anlay\u0131\u015f\u0131 olarak benimseyen \u015firketimiz;\" \/>\n<meta property=\"og:url\" content=\"https:\/\/www.bkymuhendislik.com\/en\/corporate-social-responsibility-policy\/\" \/>\n<meta property=\"og:site_name\" content=\"BKY Engineering\" \/>\n<meta property=\"article:modified_time\" content=\"2024-05-30T21:03:56+00:00\" \/>\n<meta property=\"og:image\" content=\"https:\/\/www.bkymuhendislik.com\/en\/wp-content\/uploads\/2024\/05\/bkymuhendislik_kurumsal_sosyal_sorumluluk_politikasi-1024x576.webp\" \/>\n<meta name=\"twitter:card\" content=\"summary_large_image\" \/>\n<meta name=\"twitter:label1\" content=\"Tahmini okuma s\u00fcresi\" \/>\n\t<meta name=\"twitter:data1\" content=\"2 dakika\" \/>\n<script type=\"application\/ld+json\" class=\"yoast-schema-graph\">{\"@context\":\"https:\/\/schema.org\",\"@graph\":[{\"@type\":\"WebPage\",\"@id\":\"https:\/\/www.bkymuhendislik.com\/en\/corporate-social-responsibility-policy\/\",\"url\":\"https:\/\/www.bkymuhendislik.com\/en\/corporate-social-responsibility-policy\/\",\"name\":\"Corporate Social Responsibility Policy - BKY Engineering\",\"isPartOf\":{\"@id\":\"https:\/\/www.bkymuhendislik.com\/en\/#website\"},\"primaryImageOfPage\":{\"@id\":\"https:\/\/www.bkymuhendislik.com\/en\/corporate-social-responsibility-policy\/#primaryimage\"},\"image\":{\"@id\":\"https:\/\/www.bkymuhendislik.com\/en\/corporate-social-responsibility-policy\/#primaryimage\"},\"thumbnailUrl\":\"https:\/\/www.bkymuhendislik.com\/en\/wp-content\/uploads\/2024\/05\/bkymuhendislik_kurumsal_sosyal_sorumluluk_politikasi-1024x576.webp\",\"datePublished\":\"2024-05-30T21:03:11+00:00\",\"dateModified\":\"2024-05-30T21:03:56+00:00\",\"breadcrumb\":{\"@id\":\"https:\/\/www.bkymuhendislik.com\/en\/corporate-social-responsibility-policy\/#breadcrumb\"},\"inLanguage\":\"tr\",\"potentialAction\":[{\"@type\":\"ReadAction\",\"target\":[\"https:\/\/www.bkymuhendislik.com\/en\/corporate-social-responsibility-policy\/\"]}]},{\"@type\":\"ImageObject\",\"inLanguage\":\"tr\",\"@id\":\"https:\/\/www.bkymuhendislik.com\/en\/corporate-social-responsibility-policy\/#primaryimage\",\"url\":\"https:\/\/www.bkymuhendislik.com\/en\/wp-content\/uploads\/2024\/05\/bkymuhendislik_kurumsal_sosyal_sorumluluk_politikasi.webp\",\"contentUrl\":\"https:\/\/www.bkymuhendislik.com\/en\/wp-content\/uploads\/2024\/05\/bkymuhendislik_kurumsal_sosyal_sorumluluk_politikasi.webp\",\"width\":1920,\"height\":1080},{\"@type\":\"BreadcrumbList\",\"@id\":\"https:\/\/www.bkymuhendislik.com\/en\/corporate-social-responsibility-policy\/#breadcrumb\",\"itemListElement\":[{\"@type\":\"ListItem\",\"position\":1,\"name\":\"Anasayfa\",\"item\":\"https:\/\/www.bkymuhendislik.com\/en\/\"},{\"@type\":\"ListItem\",\"position\":2,\"name\":\"Corporate Social Responsibility Policy\"}]},{\"@type\":\"WebSite\",\"@id\":\"https:\/\/www.bkymuhendislik.com\/en\/#website\",\"url\":\"https:\/\/www.bkymuhendislik.com\/en\/\",\"name\":\"BKY Engineering\",\"description\":\"Eng\u0131neer\u0131ng &amp; Supply - Construct\u0131on \u2013 Manufactur\u0131ng\",\"potentialAction\":[{\"@type\":\"SearchAction\",\"target\":{\"@type\":\"EntryPoint\",\"urlTemplate\":\"https:\/\/www.bkymuhendislik.com\/en\/?s={search_term_string}\"},\"query-input\":\"required name=search_term_string\"}],\"inLanguage\":\"tr\"}]}<\/script>\n<!-- \/ Yoast SEO plugin. -->","yoast_head_json":{"title":"Corporate Social Responsibility Policy - BKY Engineering","robots":{"index":"index","follow":"follow","max-snippet":"max-snippet:-1","max-image-preview":"max-image-preview:large","max-video-preview":"max-video-preview:-1"},"canonical":"https:\/\/www.bkymuhendislik.com\/en\/corporate-social-responsibility-policy\/","og_locale":"tr_TR","og_type":"article","og_title":"Corporate Social Responsibility Policy - BKY Engineering","og_description":"\u00dcretimin ve y\u00f6netimin her a\u015famas\u0131nda \u00e7al\u0131\u015fanlar\u0131m\u0131za, topluma ve \u00e7evreye kar\u015f\u0131 sosyal sorumluluk bilinci ile hareket etmeyi temel y\u00f6netim anlay\u0131\u015f\u0131 olarak benimseyen \u015firketimiz;","og_url":"https:\/\/www.bkymuhendislik.com\/en\/corporate-social-responsibility-policy\/","og_site_name":"BKY Engineering","article_modified_time":"2024-05-30T21:03:56+00:00","og_image":[{"url":"https:\/\/www.bkymuhendislik.com\/en\/wp-content\/uploads\/2024\/05\/bkymuhendislik_kurumsal_sosyal_sorumluluk_politikasi-1024x576.webp"}],"twitter_card":"summary_large_image","twitter_misc":{"Tahmini okuma s\u00fcresi":"2 dakika"},"schema":{"@context":"https:\/\/schema.org","@graph":[{"@type":"WebPage","@id":"https:\/\/www.bkymuhendislik.com\/en\/corporate-social-responsibility-policy\/","url":"https:\/\/www.bkymuhendislik.com\/en\/corporate-social-responsibility-policy\/","name":"Corporate Social Responsibility Policy - BKY Engineering","isPartOf":{"@id":"https:\/\/www.bkymuhendislik.com\/en\/#website"},"primaryImageOfPage":{"@id":"https:\/\/www.bkymuhendislik.com\/en\/corporate-social-responsibility-policy\/#primaryimage"},"image":{"@id":"https:\/\/www.bkymuhendislik.com\/en\/corporate-social-responsibility-policy\/#primaryimage"},"thumbnailUrl":"https:\/\/www.bkymuhendislik.com\/en\/wp-content\/uploads\/2024\/05\/bkymuhendislik_kurumsal_sosyal_sorumluluk_politikasi-1024x576.webp","datePublished":"2024-05-30T21:03:11+00:00","dateModified":"2024-05-30T21:03:56+00:00","breadcrumb":{"@id":"https:\/\/www.bkymuhendislik.com\/en\/corporate-social-responsibility-policy\/#breadcrumb"},"inLanguage":"tr","potentialAction":[{"@type":"ReadAction","target":["https:\/\/www.bkymuhendislik.com\/en\/corporate-social-responsibility-policy\/"]}]},{"@type":"ImageObject","inLanguage":"tr","@id":"https:\/\/www.bkymuhendislik.com\/en\/corporate-social-responsibility-policy\/#primaryimage","url":"https:\/\/www.bkymuhendislik.com\/en\/wp-content\/uploads\/2024\/05\/bkymuhendislik_kurumsal_sosyal_sorumluluk_politikasi.webp","contentUrl":"https:\/\/www.bkymuhendislik.com\/en\/wp-content\/uploads\/2024\/05\/bkymuhendislik_kurumsal_sosyal_sorumluluk_politikasi.webp","width":1920,"height":1080},{"@type":"BreadcrumbList","@id":"https:\/\/www.bkymuhendislik.com\/en\/corporate-social-responsibility-policy\/#breadcrumb","itemListElement":[{"@type":"ListItem","position":1,"name":"Anasayfa","item":"https:\/\/www.bkymuhendislik.com\/en\/"},{"@type":"ListItem","position":2,"name":"Corporate Social Responsibility Policy"}]},{"@type":"WebSite","@id":"https:\/\/www.bkymuhendislik.com\/en\/#website","url":"https:\/\/www.bkymuhendislik.com\/en\/","name":"BKY Engineering","description":"Eng\u0131neer\u0131ng &amp; Supply - Construct\u0131on \u2013 Manufactur\u0131ng","potentialAction":[{"@type":"SearchAction","target":{"@type":"EntryPoint","urlTemplate":"https:\/\/www.bkymuhendislik.com\/en\/?s={search_term_string}"},"query-input":"required name=search_term_string"}],"inLanguage":"tr"}]}},"_links":{"self":[{"href":"https:\/\/www.bkymuhendislik.com\/en\/wp-json\/wp\/v2\/pages\/721","targetHints":{"allow":["GET"]}}],"collection":[{"href":"https:\/\/www.bkymuhendislik.com\/en\/wp-json\/wp\/v2\/pages"}],"about":[{"href":"https:\/\/www.bkymuhendislik.com\/en\/wp-json\/wp\/v2\/types\/page"}],"author":[{"embeddable":true,"href":"https:\/\/www.bkymuhendislik.com\/en\/wp-json\/wp\/v2\/users\/1"}],"replies":[{"embeddable":true,"href":"https:\/\/www.bkymuhendislik.com\/en\/wp-json\/wp\/v2\/comments?post=721"}],"version-history":[{"count":2,"href":"https:\/\/www.bkymuhendislik.com\/en\/wp-json\/wp\/v2\/pages\/721\/revisions"}],"predecessor-version":[{"id":724,"href":"https:\/\/www.bkymuhendislik.com\/en\/wp-json\/wp\/v2\/pages\/721\/revisions\/724"}],"wp:attachment":[{"href":"https:\/\/www.bkymuhendislik.com\/en\/wp-json\/wp\/v2\/media?parent=721"}],"curies":[{"name":"wp","href":"https:\/\/api.w.org\/{rel}","templated":true}]}}