{"id":718,"date":"2024-05-31T00:00:27","date_gmt":"2024-05-30T21:00:27","guid":{"rendered":"https:\/\/www.bkymuhendislik.com\/en\/?page_id=718"},"modified":"2024-05-31T00:00:28","modified_gmt":"2024-05-30T21:00:28","slug":"environmental-policy","status":"publish","type":"page","link":"https:\/\/www.bkymuhendislik.com\/en\/environmental-policy\/","title":{"rendered":"Environmental Policy"},"content":{"rendered":"\n<figure class=\"wp-block-image size-large is-resized\"><img loading=\"lazy\" decoding=\"async\" width=\"1024\" height=\"576\" src=\"https:\/\/www.bkymuhendislik.com\/en\/wp-content\/uploads\/2024\/05\/bkymuhendislik_cevre_politikasi-1024x576.webp\" alt=\"\" class=\"wp-image-693\" style=\"width:780px;height:auto\" srcset=\"https:\/\/www.bkymuhendislik.com\/en\/wp-content\/uploads\/2024\/05\/bkymuhendislik_cevre_politikasi-1024x576.webp 1024w, https:\/\/www.bkymuhendislik.com\/en\/wp-content\/uploads\/2024\/05\/bkymuhendislik_cevre_politikasi-300x169.webp 300w, https:\/\/www.bkymuhendislik.com\/en\/wp-content\/uploads\/2024\/05\/bkymuhendislik_cevre_politikasi-768x432.webp 768w, https:\/\/www.bkymuhendislik.com\/en\/wp-content\/uploads\/2024\/05\/bkymuhendislik_cevre_politikasi-1536x864.webp 1536w, https:\/\/www.bkymuhendislik.com\/en\/wp-content\/uploads\/2024\/05\/bkymuhendislik_cevre_politikasi.webp 1920w\" sizes=\"auto, (max-width: 1024px) 100vw, 1024px\" \/><\/figure>\n\n\n<div class=\"singleHeading\">\n\t<div class=\"inner\">\n\t\t<span class=\"safiricon icon\"><svg class=\"safiricon-guvenlik\"><use href=\"#safiricon-guvenlik\"><\/use><\/svg><\/span>\t\t<div class=\"text\">Environmental Policy<\/div>\n\t<\/div>\n<\/div>\n\n\n<p>\u2022\u00a0\u00a0 \u00a0\u00c7evre ile ilgili t\u00fcm yasal ve di\u011fer \u015fartlara uymay\u0131,<\/p>\n\n\n\n<p>\u2022\u00a0\u00a0 \u00a0Faaliyetlerimizden kaynaklanan at\u0131klar\u0131n, \u00e7evre ve insan sa\u011fl\u0131\u011f\u0131 \u00fczerindeki olas\u0131 etkilerini en aza indirmeyi,<\/p>\n\n\n\n<p>\u2022\u00a0\u00a0 \u00a0Do\u011fal kaynaklar\u0131m\u0131z\u0131n bilin\u00e7li kullan\u0131lmas\u0131n\u0131 sa\u011flamay\u0131,<\/p>\n\n\n\n<p>\u2022\u00a0\u00a0 \u00a0\u00c7al\u0131\u015fanlar\u0131m\u0131z\u0131 \u00e7evrenin korunmas\u0131 konusunda bilin\u00e7lendirmek amac\u0131yla e\u011fitim faaliyetleri d\u00fczenlemeyi,<\/p>\n\n\n\n<p>\u2022&nbsp;&nbsp; &nbsp;\u00c7evre y\u00f6netim sistemimizi periyodik g\u00f6zden ge\u00e7irmelerle s\u00fcrekli iyile\u015ftirmeyi taahh\u00fct ederiz.<\/p>\n","protected":false},"excerpt":{"rendered":"<p>\u2022\u00a0\u00a0 \u00a0\u00c7evre ile ilgili t\u00fcm yasal ve di\u011fer \u015fartlara uymay\u0131, \u2022\u00a0\u00a0 \u00a0Faaliyetlerimizden kaynaklanan at\u0131klar\u0131n, \u00e7evre ve insan sa\u011fl\u0131\u011f\u0131 \u00fczerindeki olas\u0131 etkilerini en aza indirmeyi, \u2022\u00a0\u00a0 \u00a0Do\u011fal kaynaklar\u0131m\u0131z\u0131n bilin\u00e7li kullan\u0131lmas\u0131n\u0131 sa\u011flamay\u0131, \u2022\u00a0\u00a0 \u00a0\u00c7al\u0131\u015fanlar\u0131m\u0131z\u0131 \u00e7evrenin korunmas\u0131 konusunda bilin\u00e7lendirmek amac\u0131yla e\u011fitim faaliyetleri d\u00fczenlemeyi, \u2022&nbsp;&nbsp; &nbsp;\u00c7evre y\u00f6netim sistemimizi periyodik g\u00f6zden ge\u00e7irmelerle s\u00fcrekli iyile\u015ftirmeyi taahh\u00fct ederiz.<\/p>\n","protected":false},"author":1,"featured_media":0,"parent":0,"menu_order":0,"comment_status":"closed","ping_status":"closed","template":"","meta":{"footnotes":""},"class_list":["post-718","page","type-page","status-publish","hentry"],"yoast_head":"<!-- This site is optimized with the Yoast SEO plugin v22.8 - https:\/\/yoast.com\/wordpress\/plugins\/seo\/ -->\n<title>Environmental Policy - BKY Engineering<\/title>\n<meta name=\"robots\" content=\"index, follow, max-snippet:-1, max-image-preview:large, max-video-preview:-1\" \/>\n<link rel=\"canonical\" href=\"https:\/\/www.bkymuhendislik.com\/en\/environmental-policy\/\" \/>\n<meta property=\"og:locale\" content=\"tr_TR\" \/>\n<meta property=\"og:type\" content=\"article\" \/>\n<meta property=\"og:title\" content=\"Environmental Policy - BKY Engineering\" \/>\n<meta property=\"og:description\" content=\"\u2022\u00a0\u00a0 \u00a0\u00c7evre ile ilgili t\u00fcm yasal ve di\u011fer \u015fartlara uymay\u0131, \u2022\u00a0\u00a0 \u00a0Faaliyetlerimizden kaynaklanan at\u0131klar\u0131n, \u00e7evre ve insan sa\u011fl\u0131\u011f\u0131 \u00fczerindeki olas\u0131 etkilerini en aza indirmeyi, \u2022\u00a0\u00a0 \u00a0Do\u011fal kaynaklar\u0131m\u0131z\u0131n bilin\u00e7li kullan\u0131lmas\u0131n\u0131 sa\u011flamay\u0131, \u2022\u00a0\u00a0 \u00a0\u00c7al\u0131\u015fanlar\u0131m\u0131z\u0131 \u00e7evrenin korunmas\u0131 konusunda bilin\u00e7lendirmek amac\u0131yla e\u011fitim faaliyetleri d\u00fczenlemeyi, \u2022&nbsp;&nbsp; &nbsp;\u00c7evre y\u00f6netim sistemimizi periyodik g\u00f6zden ge\u00e7irmelerle s\u00fcrekli iyile\u015ftirmeyi taahh\u00fct ederiz.\" \/>\n<meta property=\"og:url\" content=\"https:\/\/www.bkymuhendislik.com\/en\/environmental-policy\/\" \/>\n<meta property=\"og:site_name\" content=\"BKY Engineering\" \/>\n<meta property=\"article:modified_time\" content=\"2024-05-30T21:00:28+00:00\" \/>\n<meta property=\"og:image\" content=\"https:\/\/www.bkymuhendislik.com\/en\/wp-content\/uploads\/2024\/05\/bkymuhendislik_cevre_politikasi-1024x576.webp\" \/>\n<meta name=\"twitter:card\" content=\"summary_large_image\" \/>\n<meta name=\"twitter:label1\" content=\"Tahmini okuma s\u00fcresi\" \/>\n\t<meta name=\"twitter:data1\" content=\"1 dakika\" \/>\n<script type=\"application\/ld+json\" class=\"yoast-schema-graph\">{\"@context\":\"https:\/\/schema.org\",\"@graph\":[{\"@type\":\"WebPage\",\"@id\":\"https:\/\/www.bkymuhendislik.com\/en\/environmental-policy\/\",\"url\":\"https:\/\/www.bkymuhendislik.com\/en\/environmental-policy\/\",\"name\":\"Environmental Policy - BKY Engineering\",\"isPartOf\":{\"@id\":\"https:\/\/www.bkymuhendislik.com\/en\/#website\"},\"primaryImageOfPage\":{\"@id\":\"https:\/\/www.bkymuhendislik.com\/en\/environmental-policy\/#primaryimage\"},\"image\":{\"@id\":\"https:\/\/www.bkymuhendislik.com\/en\/environmental-policy\/#primaryimage\"},\"thumbnailUrl\":\"https:\/\/www.bkymuhendislik.com\/en\/wp-content\/uploads\/2024\/05\/bkymuhendislik_cevre_politikasi-1024x576.webp\",\"datePublished\":\"2024-05-30T21:00:27+00:00\",\"dateModified\":\"2024-05-30T21:00:28+00:00\",\"breadcrumb\":{\"@id\":\"https:\/\/www.bkymuhendislik.com\/en\/environmental-policy\/#breadcrumb\"},\"inLanguage\":\"tr\",\"potentialAction\":[{\"@type\":\"ReadAction\",\"target\":[\"https:\/\/www.bkymuhendislik.com\/en\/environmental-policy\/\"]}]},{\"@type\":\"ImageObject\",\"inLanguage\":\"tr\",\"@id\":\"https:\/\/www.bkymuhendislik.com\/en\/environmental-policy\/#primaryimage\",\"url\":\"https:\/\/www.bkymuhendislik.com\/en\/wp-content\/uploads\/2024\/05\/bkymuhendislik_cevre_politikasi.webp\",\"contentUrl\":\"https:\/\/www.bkymuhendislik.com\/en\/wp-content\/uploads\/2024\/05\/bkymuhendislik_cevre_politikasi.webp\",\"width\":1920,\"height\":1080},{\"@type\":\"BreadcrumbList\",\"@id\":\"https:\/\/www.bkymuhendislik.com\/en\/environmental-policy\/#breadcrumb\",\"itemListElement\":[{\"@type\":\"ListItem\",\"position\":1,\"name\":\"Anasayfa\",\"item\":\"https:\/\/www.bkymuhendislik.com\/en\/\"},{\"@type\":\"ListItem\",\"position\":2,\"name\":\"Environmental Policy\"}]},{\"@type\":\"WebSite\",\"@id\":\"https:\/\/www.bkymuhendislik.com\/en\/#website\",\"url\":\"https:\/\/www.bkymuhendislik.com\/en\/\",\"name\":\"BKY Engineering\",\"description\":\"Eng\u0131neer\u0131ng &amp; Supply - Construct\u0131on \u2013 Manufactur\u0131ng\",\"potentialAction\":[{\"@type\":\"SearchAction\",\"target\":{\"@type\":\"EntryPoint\",\"urlTemplate\":\"https:\/\/www.bkymuhendislik.com\/en\/?s={search_term_string}\"},\"query-input\":\"required name=search_term_string\"}],\"inLanguage\":\"tr\"}]}<\/script>\n<!-- \/ Yoast SEO plugin. -->","yoast_head_json":{"title":"Environmental Policy - BKY Engineering","robots":{"index":"index","follow":"follow","max-snippet":"max-snippet:-1","max-image-preview":"max-image-preview:large","max-video-preview":"max-video-preview:-1"},"canonical":"https:\/\/www.bkymuhendislik.com\/en\/environmental-policy\/","og_locale":"tr_TR","og_type":"article","og_title":"Environmental Policy - BKY Engineering","og_description":"\u2022\u00a0\u00a0 \u00a0\u00c7evre ile ilgili t\u00fcm yasal ve di\u011fer \u015fartlara uymay\u0131, \u2022\u00a0\u00a0 \u00a0Faaliyetlerimizden kaynaklanan at\u0131klar\u0131n, \u00e7evre ve insan sa\u011fl\u0131\u011f\u0131 \u00fczerindeki olas\u0131 etkilerini en aza indirmeyi, \u2022\u00a0\u00a0 \u00a0Do\u011fal kaynaklar\u0131m\u0131z\u0131n bilin\u00e7li kullan\u0131lmas\u0131n\u0131 sa\u011flamay\u0131, \u2022\u00a0\u00a0 \u00a0\u00c7al\u0131\u015fanlar\u0131m\u0131z\u0131 \u00e7evrenin korunmas\u0131 konusunda bilin\u00e7lendirmek amac\u0131yla e\u011fitim faaliyetleri d\u00fczenlemeyi, \u2022&nbsp;&nbsp; &nbsp;\u00c7evre y\u00f6netim sistemimizi periyodik g\u00f6zden ge\u00e7irmelerle s\u00fcrekli iyile\u015ftirmeyi taahh\u00fct ederiz.","og_url":"https:\/\/www.bkymuhendislik.com\/en\/environmental-policy\/","og_site_name":"BKY Engineering","article_modified_time":"2024-05-30T21:00:28+00:00","og_image":[{"url":"https:\/\/www.bkymuhendislik.com\/en\/wp-content\/uploads\/2024\/05\/bkymuhendislik_cevre_politikasi-1024x576.webp"}],"twitter_card":"summary_large_image","twitter_misc":{"Tahmini okuma s\u00fcresi":"1 dakika"},"schema":{"@context":"https:\/\/schema.org","@graph":[{"@type":"WebPage","@id":"https:\/\/www.bkymuhendislik.com\/en\/environmental-policy\/","url":"https:\/\/www.bkymuhendislik.com\/en\/environmental-policy\/","name":"Environmental Policy - BKY Engineering","isPartOf":{"@id":"https:\/\/www.bkymuhendislik.com\/en\/#website"},"primaryImageOfPage":{"@id":"https:\/\/www.bkymuhendislik.com\/en\/environmental-policy\/#primaryimage"},"image":{"@id":"https:\/\/www.bkymuhendislik.com\/en\/environmental-policy\/#primaryimage"},"thumbnailUrl":"https:\/\/www.bkymuhendislik.com\/en\/wp-content\/uploads\/2024\/05\/bkymuhendislik_cevre_politikasi-1024x576.webp","datePublished":"2024-05-30T21:00:27+00:00","dateModified":"2024-05-30T21:00:28+00:00","breadcrumb":{"@id":"https:\/\/www.bkymuhendislik.com\/en\/environmental-policy\/#breadcrumb"},"inLanguage":"tr","potentialAction":[{"@type":"ReadAction","target":["https:\/\/www.bkymuhendislik.com\/en\/environmental-policy\/"]}]},{"@type":"ImageObject","inLanguage":"tr","@id":"https:\/\/www.bkymuhendislik.com\/en\/environmental-policy\/#primaryimage","url":"https:\/\/www.bkymuhendislik.com\/en\/wp-content\/uploads\/2024\/05\/bkymuhendislik_cevre_politikasi.webp","contentUrl":"https:\/\/www.bkymuhendislik.com\/en\/wp-content\/uploads\/2024\/05\/bkymuhendislik_cevre_politikasi.webp","width":1920,"height":1080},{"@type":"BreadcrumbList","@id":"https:\/\/www.bkymuhendislik.com\/en\/environmental-policy\/#breadcrumb","itemListElement":[{"@type":"ListItem","position":1,"name":"Anasayfa","item":"https:\/\/www.bkymuhendislik.com\/en\/"},{"@type":"ListItem","position":2,"name":"Environmental Policy"}]},{"@type":"WebSite","@id":"https:\/\/www.bkymuhendislik.com\/en\/#website","url":"https:\/\/www.bkymuhendislik.com\/en\/","name":"BKY Engineering","description":"Eng\u0131neer\u0131ng &amp; Supply - Construct\u0131on \u2013 Manufactur\u0131ng","potentialAction":[{"@type":"SearchAction","target":{"@type":"EntryPoint","urlTemplate":"https:\/\/www.bkymuhendislik.com\/en\/?s={search_term_string}"},"query-input":"required name=search_term_string"}],"inLanguage":"tr"}]}},"_links":{"self":[{"href":"https:\/\/www.bkymuhendislik.com\/en\/wp-json\/wp\/v2\/pages\/718","targetHints":{"allow":["GET"]}}],"collection":[{"href":"https:\/\/www.bkymuhendislik.com\/en\/wp-json\/wp\/v2\/pages"}],"about":[{"href":"https:\/\/www.bkymuhendislik.com\/en\/wp-json\/wp\/v2\/types\/page"}],"author":[{"embeddable":true,"href":"https:\/\/www.bkymuhendislik.com\/en\/wp-json\/wp\/v2\/users\/1"}],"replies":[{"embeddable":true,"href":"https:\/\/www.bkymuhendislik.com\/en\/wp-json\/wp\/v2\/comments?post=718"}],"version-history":[{"count":1,"href":"https:\/\/www.bkymuhendislik.com\/en\/wp-json\/wp\/v2\/pages\/718\/revisions"}],"predecessor-version":[{"id":719,"href":"https:\/\/www.bkymuhendislik.com\/en\/wp-json\/wp\/v2\/pages\/718\/revisions\/719"}],"wp:attachment":[{"href":"https:\/\/www.bkymuhendislik.com\/en\/wp-json\/wp\/v2\/media?parent=718"}],"curies":[{"name":"wp","href":"https:\/\/api.w.org\/{rel}","templated":true}]}}