{"id":715,"date":"2024-05-30T23:52:50","date_gmt":"2024-05-30T20:52:50","guid":{"rendered":"https:\/\/www.bkymuhendislik.com\/en\/?page_id=715"},"modified":"2024-05-30T23:52:50","modified_gmt":"2024-05-30T20:52:50","slug":"occupational-safety-policy","status":"publish","type":"page","link":"https:\/\/www.bkymuhendislik.com\/en\/occupational-safety-policy\/","title":{"rendered":"Occupational Safety Policy"},"content":{"rendered":"\n<figure class=\"wp-block-image size-large is-resized\"><img loading=\"lazy\" decoding=\"async\" width=\"1024\" height=\"576\" src=\"https:\/\/www.bkymuhendislik.com\/en\/wp-content\/uploads\/2024\/05\/bkymuhendislik_is_guvenligi_politikasi-1024x576.webp\" alt=\"\" class=\"wp-image-695\" style=\"width:780px;height:auto\" srcset=\"https:\/\/www.bkymuhendislik.com\/en\/wp-content\/uploads\/2024\/05\/bkymuhendislik_is_guvenligi_politikasi-1024x576.webp 1024w, https:\/\/www.bkymuhendislik.com\/en\/wp-content\/uploads\/2024\/05\/bkymuhendislik_is_guvenligi_politikasi-300x169.webp 300w, https:\/\/www.bkymuhendislik.com\/en\/wp-content\/uploads\/2024\/05\/bkymuhendislik_is_guvenligi_politikasi-768x432.webp 768w, https:\/\/www.bkymuhendislik.com\/en\/wp-content\/uploads\/2024\/05\/bkymuhendislik_is_guvenligi_politikasi-1536x864.webp 1536w, https:\/\/www.bkymuhendislik.com\/en\/wp-content\/uploads\/2024\/05\/bkymuhendislik_is_guvenligi_politikasi.webp 1920w\" sizes=\"auto, (max-width: 1024px) 100vw, 1024px\" \/><\/figure>\n\n\n<div class=\"singleHeading\">\n\t<div class=\"inner\">\n\t\t<span class=\"safiricon icon\"><svg class=\"safiricon-guvenlik\"><use href=\"#safiricon-guvenlik\"><\/use><\/svg><\/span>\t\t<div class=\"text\">Occupational Safety Policy<\/div>\n\t<\/div>\n<\/div>\n\n\n<p>\u00c7al\u0131\u015fanlar\u0131n, ta\u015feronlar\u0131n ve ziyaret\u00e7ilerin sa\u011fl\u0131k ve g\u00fcvenliklerini temin etmek i\u00e7in, y\u00fcr\u00fcrl\u00fckte bulunan i\u015f g\u00fcvenli\u011fi mevzuatlar\u0131na ve i\u015f g\u00fcvenli\u011fi ile ilgili di\u011fer gerekliliklere uygun olarak her t\u00fcrl\u00fc tedbiri almay\u0131, ara\u00e7 gere\u00e7 ve ki\u015fisel koruyucu ekipmanlar\u0131 bulundurmay\u0131, gere\u011finde kullan\u0131lmas\u0131n\u0131 sa\u011flamay\u0131,<\/p>\n\n\n\n<p>\u0130\u015f kazas\u0131 ve meslek hastal\u0131\u011f\u0131 do\u011furabilecek g\u00fcvensiz durum ve hareketleri, olas\u0131 kaza risklerini, etkin bir risk de\u011ferlendirmesi yaparak \u00f6nceden tespit etmeyi ve ortadan kald\u0131rmay\u0131,<\/p>\n\n\n\n<p>\u00c7al\u0131\u015fanlar\u0131m\u0131z\u0131 i\u015f sa\u011fl\u0131\u011f\u0131 ve g\u00fcvenli\u011fi alan\u0131nda e\u011fitmeyi ve iyi bir i\u015f sa\u011fl\u0131\u011f\u0131 ve g\u00fcvenli\u011fi bilincine eri\u015fmelerini sa\u011flamay\u0131,<\/p>\n\n\n\n<p>\u0130\u015fyerinde hizmet veren ta\u015feron ve ziyaret\u00e7ilerin de BKY M\u00dcH.LTD.\u015eT\u0130.\u2019nin koymu\u015f oldu\u011fu i\u015f sa\u011fl\u0131\u011f\u0131 ve g\u00fcvenli\u011fi ile ilgili kurallara uymalar\u0131n\u0131 sa\u011flamay\u0131,<\/p>\n\n\n\n<p><strong>Bu do\u011frultuda kurulmu\u015f ve y\u00fcr\u00fct\u00fclmekte olan i\u015f g\u00fcvenli\u011fi y\u00f6netim sistemimizi s\u00fcrekli iyile\u015ftirmeyi taahh\u00fct ederiz.&nbsp;<\/strong><\/p>\n","protected":false},"excerpt":{"rendered":"<p>\u00c7al\u0131\u015fanlar\u0131n, ta\u015feronlar\u0131n ve ziyaret\u00e7ilerin sa\u011fl\u0131k ve g\u00fcvenliklerini temin etmek i\u00e7in, y\u00fcr\u00fcrl\u00fckte bulunan i\u015f g\u00fcvenli\u011fi mevzuatlar\u0131na ve i\u015f g\u00fcvenli\u011fi ile ilgili di\u011fer gerekliliklere uygun olarak her t\u00fcrl\u00fc tedbiri almay\u0131, ara\u00e7 gere\u00e7 ve ki\u015fisel koruyucu ekipmanlar\u0131 bulundurmay\u0131, gere\u011finde kullan\u0131lmas\u0131n\u0131 sa\u011flamay\u0131, \u0130\u015f kazas\u0131 ve meslek hastal\u0131\u011f\u0131 do\u011furabilecek g\u00fcvensiz durum ve hareketleri, olas\u0131 kaza risklerini, etkin bir risk de\u011ferlendirmesi [&hellip;]<\/p>\n","protected":false},"author":1,"featured_media":0,"parent":0,"menu_order":0,"comment_status":"closed","ping_status":"closed","template":"","meta":{"footnotes":""},"class_list":["post-715","page","type-page","status-publish","hentry"],"yoast_head":"<!-- This site is optimized with the Yoast SEO plugin v22.8 - https:\/\/yoast.com\/wordpress\/plugins\/seo\/ -->\n<title>Occupational Safety Policy - BKY Engineering<\/title>\n<meta name=\"robots\" content=\"index, follow, max-snippet:-1, max-image-preview:large, max-video-preview:-1\" \/>\n<link rel=\"canonical\" href=\"https:\/\/www.bkymuhendislik.com\/en\/occupational-safety-policy\/\" \/>\n<meta property=\"og:locale\" content=\"tr_TR\" \/>\n<meta property=\"og:type\" content=\"article\" \/>\n<meta property=\"og:title\" content=\"Occupational Safety Policy - BKY Engineering\" \/>\n<meta property=\"og:description\" content=\"\u00c7al\u0131\u015fanlar\u0131n, ta\u015feronlar\u0131n ve ziyaret\u00e7ilerin sa\u011fl\u0131k ve g\u00fcvenliklerini temin etmek i\u00e7in, y\u00fcr\u00fcrl\u00fckte bulunan i\u015f g\u00fcvenli\u011fi mevzuatlar\u0131na ve i\u015f g\u00fcvenli\u011fi ile ilgili di\u011fer gerekliliklere uygun olarak her t\u00fcrl\u00fc tedbiri almay\u0131, ara\u00e7 gere\u00e7 ve ki\u015fisel koruyucu ekipmanlar\u0131 bulundurmay\u0131, gere\u011finde kullan\u0131lmas\u0131n\u0131 sa\u011flamay\u0131, \u0130\u015f kazas\u0131 ve meslek hastal\u0131\u011f\u0131 do\u011furabilecek g\u00fcvensiz durum ve hareketleri, olas\u0131 kaza risklerini, etkin bir risk de\u011ferlendirmesi [&hellip;]\" \/>\n<meta property=\"og:url\" content=\"https:\/\/www.bkymuhendislik.com\/en\/occupational-safety-policy\/\" \/>\n<meta property=\"og:site_name\" content=\"BKY Engineering\" \/>\n<meta property=\"og:image\" content=\"https:\/\/www.bkymuhendislik.com\/en\/wp-content\/uploads\/2024\/05\/bkymuhendislik_is_guvenligi_politikasi-1024x576.webp\" \/>\n<meta name=\"twitter:card\" content=\"summary_large_image\" \/>\n<meta name=\"twitter:label1\" content=\"Tahmini okuma s\u00fcresi\" \/>\n\t<meta name=\"twitter:data1\" content=\"1 dakika\" \/>\n<script type=\"application\/ld+json\" class=\"yoast-schema-graph\">{\"@context\":\"https:\/\/schema.org\",\"@graph\":[{\"@type\":\"WebPage\",\"@id\":\"https:\/\/www.bkymuhendislik.com\/en\/occupational-safety-policy\/\",\"url\":\"https:\/\/www.bkymuhendislik.com\/en\/occupational-safety-policy\/\",\"name\":\"Occupational Safety Policy - BKY Engineering\",\"isPartOf\":{\"@id\":\"https:\/\/www.bkymuhendislik.com\/en\/#website\"},\"primaryImageOfPage\":{\"@id\":\"https:\/\/www.bkymuhendislik.com\/en\/occupational-safety-policy\/#primaryimage\"},\"image\":{\"@id\":\"https:\/\/www.bkymuhendislik.com\/en\/occupational-safety-policy\/#primaryimage\"},\"thumbnailUrl\":\"https:\/\/www.bkymuhendislik.com\/en\/wp-content\/uploads\/2024\/05\/bkymuhendislik_is_guvenligi_politikasi-1024x576.webp\",\"datePublished\":\"2024-05-30T20:52:50+00:00\",\"dateModified\":\"2024-05-30T20:52:50+00:00\",\"breadcrumb\":{\"@id\":\"https:\/\/www.bkymuhendislik.com\/en\/occupational-safety-policy\/#breadcrumb\"},\"inLanguage\":\"tr\",\"potentialAction\":[{\"@type\":\"ReadAction\",\"target\":[\"https:\/\/www.bkymuhendislik.com\/en\/occupational-safety-policy\/\"]}]},{\"@type\":\"ImageObject\",\"inLanguage\":\"tr\",\"@id\":\"https:\/\/www.bkymuhendislik.com\/en\/occupational-safety-policy\/#primaryimage\",\"url\":\"https:\/\/www.bkymuhendislik.com\/en\/wp-content\/uploads\/2024\/05\/bkymuhendislik_is_guvenligi_politikasi.webp\",\"contentUrl\":\"https:\/\/www.bkymuhendislik.com\/en\/wp-content\/uploads\/2024\/05\/bkymuhendislik_is_guvenligi_politikasi.webp\",\"width\":1920,\"height\":1080},{\"@type\":\"BreadcrumbList\",\"@id\":\"https:\/\/www.bkymuhendislik.com\/en\/occupational-safety-policy\/#breadcrumb\",\"itemListElement\":[{\"@type\":\"ListItem\",\"position\":1,\"name\":\"Anasayfa\",\"item\":\"https:\/\/www.bkymuhendislik.com\/en\/\"},{\"@type\":\"ListItem\",\"position\":2,\"name\":\"Occupational Safety Policy\"}]},{\"@type\":\"WebSite\",\"@id\":\"https:\/\/www.bkymuhendislik.com\/en\/#website\",\"url\":\"https:\/\/www.bkymuhendislik.com\/en\/\",\"name\":\"BKY Engineering\",\"description\":\"Eng\u0131neer\u0131ng &amp; Supply - Construct\u0131on \u2013 Manufactur\u0131ng\",\"potentialAction\":[{\"@type\":\"SearchAction\",\"target\":{\"@type\":\"EntryPoint\",\"urlTemplate\":\"https:\/\/www.bkymuhendislik.com\/en\/?s={search_term_string}\"},\"query-input\":\"required name=search_term_string\"}],\"inLanguage\":\"tr\"}]}<\/script>\n<!-- \/ Yoast SEO plugin. -->","yoast_head_json":{"title":"Occupational Safety Policy - BKY Engineering","robots":{"index":"index","follow":"follow","max-snippet":"max-snippet:-1","max-image-preview":"max-image-preview:large","max-video-preview":"max-video-preview:-1"},"canonical":"https:\/\/www.bkymuhendislik.com\/en\/occupational-safety-policy\/","og_locale":"tr_TR","og_type":"article","og_title":"Occupational Safety Policy - BKY Engineering","og_description":"\u00c7al\u0131\u015fanlar\u0131n, ta\u015feronlar\u0131n ve ziyaret\u00e7ilerin sa\u011fl\u0131k ve g\u00fcvenliklerini temin etmek i\u00e7in, y\u00fcr\u00fcrl\u00fckte bulunan i\u015f g\u00fcvenli\u011fi mevzuatlar\u0131na ve i\u015f g\u00fcvenli\u011fi ile ilgili di\u011fer gerekliliklere uygun olarak her t\u00fcrl\u00fc tedbiri almay\u0131, ara\u00e7 gere\u00e7 ve ki\u015fisel koruyucu ekipmanlar\u0131 bulundurmay\u0131, gere\u011finde kullan\u0131lmas\u0131n\u0131 sa\u011flamay\u0131, \u0130\u015f kazas\u0131 ve meslek hastal\u0131\u011f\u0131 do\u011furabilecek g\u00fcvensiz durum ve hareketleri, olas\u0131 kaza risklerini, etkin bir risk de\u011ferlendirmesi [&hellip;]","og_url":"https:\/\/www.bkymuhendislik.com\/en\/occupational-safety-policy\/","og_site_name":"BKY Engineering","og_image":[{"url":"https:\/\/www.bkymuhendislik.com\/en\/wp-content\/uploads\/2024\/05\/bkymuhendislik_is_guvenligi_politikasi-1024x576.webp"}],"twitter_card":"summary_large_image","twitter_misc":{"Tahmini okuma s\u00fcresi":"1 dakika"},"schema":{"@context":"https:\/\/schema.org","@graph":[{"@type":"WebPage","@id":"https:\/\/www.bkymuhendislik.com\/en\/occupational-safety-policy\/","url":"https:\/\/www.bkymuhendislik.com\/en\/occupational-safety-policy\/","name":"Occupational Safety Policy - BKY Engineering","isPartOf":{"@id":"https:\/\/www.bkymuhendislik.com\/en\/#website"},"primaryImageOfPage":{"@id":"https:\/\/www.bkymuhendislik.com\/en\/occupational-safety-policy\/#primaryimage"},"image":{"@id":"https:\/\/www.bkymuhendislik.com\/en\/occupational-safety-policy\/#primaryimage"},"thumbnailUrl":"https:\/\/www.bkymuhendislik.com\/en\/wp-content\/uploads\/2024\/05\/bkymuhendislik_is_guvenligi_politikasi-1024x576.webp","datePublished":"2024-05-30T20:52:50+00:00","dateModified":"2024-05-30T20:52:50+00:00","breadcrumb":{"@id":"https:\/\/www.bkymuhendislik.com\/en\/occupational-safety-policy\/#breadcrumb"},"inLanguage":"tr","potentialAction":[{"@type":"ReadAction","target":["https:\/\/www.bkymuhendislik.com\/en\/occupational-safety-policy\/"]}]},{"@type":"ImageObject","inLanguage":"tr","@id":"https:\/\/www.bkymuhendislik.com\/en\/occupational-safety-policy\/#primaryimage","url":"https:\/\/www.bkymuhendislik.com\/en\/wp-content\/uploads\/2024\/05\/bkymuhendislik_is_guvenligi_politikasi.webp","contentUrl":"https:\/\/www.bkymuhendislik.com\/en\/wp-content\/uploads\/2024\/05\/bkymuhendislik_is_guvenligi_politikasi.webp","width":1920,"height":1080},{"@type":"BreadcrumbList","@id":"https:\/\/www.bkymuhendislik.com\/en\/occupational-safety-policy\/#breadcrumb","itemListElement":[{"@type":"ListItem","position":1,"name":"Anasayfa","item":"https:\/\/www.bkymuhendislik.com\/en\/"},{"@type":"ListItem","position":2,"name":"Occupational Safety Policy"}]},{"@type":"WebSite","@id":"https:\/\/www.bkymuhendislik.com\/en\/#website","url":"https:\/\/www.bkymuhendislik.com\/en\/","name":"BKY Engineering","description":"Eng\u0131neer\u0131ng &amp; Supply - Construct\u0131on \u2013 Manufactur\u0131ng","potentialAction":[{"@type":"SearchAction","target":{"@type":"EntryPoint","urlTemplate":"https:\/\/www.bkymuhendislik.com\/en\/?s={search_term_string}"},"query-input":"required name=search_term_string"}],"inLanguage":"tr"}]}},"_links":{"self":[{"href":"https:\/\/www.bkymuhendislik.com\/en\/wp-json\/wp\/v2\/pages\/715","targetHints":{"allow":["GET"]}}],"collection":[{"href":"https:\/\/www.bkymuhendislik.com\/en\/wp-json\/wp\/v2\/pages"}],"about":[{"href":"https:\/\/www.bkymuhendislik.com\/en\/wp-json\/wp\/v2\/types\/page"}],"author":[{"embeddable":true,"href":"https:\/\/www.bkymuhendislik.com\/en\/wp-json\/wp\/v2\/users\/1"}],"replies":[{"embeddable":true,"href":"https:\/\/www.bkymuhendislik.com\/en\/wp-json\/wp\/v2\/comments?post=715"}],"version-history":[{"count":1,"href":"https:\/\/www.bkymuhendislik.com\/en\/wp-json\/wp\/v2\/pages\/715\/revisions"}],"predecessor-version":[{"id":716,"href":"https:\/\/www.bkymuhendislik.com\/en\/wp-json\/wp\/v2\/pages\/715\/revisions\/716"}],"wp:attachment":[{"href":"https:\/\/www.bkymuhendislik.com\/en\/wp-json\/wp\/v2\/media?parent=715"}],"curies":[{"name":"wp","href":"https:\/\/api.w.org\/{rel}","templated":true}]}}