{"id":705,"date":"2024-05-30T23:45:22","date_gmt":"2024-05-30T20:45:22","guid":{"rendered":"https:\/\/www.bkymuhendislik.com\/en\/?page_id=705"},"modified":"2024-05-30T23:45:22","modified_gmt":"2024-05-30T20:45:22","slug":"documentation","status":"publish","type":"page","link":"https:\/\/www.bkymuhendislik.com\/en\/documentation\/","title":{"rendered":"Documentation"},"content":{"rendered":"\n<figure class=\"wp-block-image size-large\"><img loading=\"lazy\" decoding=\"async\" width=\"1024\" height=\"576\" src=\"https:\/\/www.bkymuhendislik.com\/en\/wp-content\/uploads\/2024\/05\/bkymuhendislik_dokumantasyon-1024x576.webp\" alt=\"\" class=\"wp-image-694\" srcset=\"https:\/\/www.bkymuhendislik.com\/en\/wp-content\/uploads\/2024\/05\/bkymuhendislik_dokumantasyon-1024x576.webp 1024w, https:\/\/www.bkymuhendislik.com\/en\/wp-content\/uploads\/2024\/05\/bkymuhendislik_dokumantasyon-300x169.webp 300w, https:\/\/www.bkymuhendislik.com\/en\/wp-content\/uploads\/2024\/05\/bkymuhendislik_dokumantasyon-768x432.webp 768w, https:\/\/www.bkymuhendislik.com\/en\/wp-content\/uploads\/2024\/05\/bkymuhendislik_dokumantasyon-1536x864.webp 1536w, https:\/\/www.bkymuhendislik.com\/en\/wp-content\/uploads\/2024\/05\/bkymuhendislik_dokumantasyon.webp 1920w\" sizes=\"auto, (max-width: 1024px) 100vw, 1024px\" \/><\/figure>\n\n\n<div class=\"singleHeading\">\n\t<div class=\"inner\">\n\t\t<span class=\"safiricon icon\"><svg class=\"safiricon-menu\"><use href=\"#safiricon-menu\"><\/use><\/svg><\/span>\t\t<div class=\"text\">Documentation<\/div>\n\t<\/div>\n<\/div>\n\n\n<p><strong>M\u00fc\u015fteri iste\u011fine ba\u011fl\u0131 olarak yapabilece\u011fimiz kalite kontrol ve dok\u00fcmantasyon a\u015fa\u011f\u0131daki gibidir :<\/strong><\/p>\n\n\n\n<p><strong>1-<\/strong>&nbsp;ITP (Muayene ve Test Plan\u0131)<br><strong>2-<\/strong>&nbsp;WPS (Kaynak Y\u00f6ntem \u015eartnamesi)<br><strong>3-&nbsp;<\/strong>PQR (Y\u00f6ntem Kalifikasyon Kayd\u0131)<br><strong>4-<\/strong>&nbsp;WPQ (Kaynak\u00e7\u0131 Sertifikas\u0131)<br><strong>5-&nbsp;<\/strong>Tahribats\u0131zMuayeneler (VT, PT, MT, UT, RT, Boroskop, PMI, Delta Ferrit Testi, Boya Kal\u0131nl\u0131k \u00d6l\u00e7\u00fcm\u00fc, Malzeme Kal\u0131nl\u0131k \u00d6l\u00e7\u00fcm\u00fc)<br><strong>6-&nbsp;<\/strong>Tahribatl\u0131 Muayeneler (\u00c7ekme, E\u011fme, Sertlik, Makroskopi, Mikroskop, Kimyasal Analiz)<br><strong>7-<\/strong>&nbsp;\u00d6l\u00e7\u00fc Kontrolleri (Totalstation, Nivo, Teodolit)<\/p>\n\n\n<div class=\"descriptionbox\" style=\"background-image: url(https:\/\/www.bkymuhendislik.com\/wp-content\/uploads\/2024\/03\/pic-contact.jpg)\">\n\t<div class=\"inner\">\n\t\t<span class=\"safiricon icon\"><svg class=\"safiricon-bilim\"><use href=\"#safiricon-bilim\"><\/use><\/svg><\/span>\t\t<div class=\"detail\">\n\t\t\t<div class=\"header\"><\/div>\n\t\t\t<div class=\"content\">\n<p class=\"wp-block-safirtema-bgtext content descriptionbox\">T\u00fcm kontrol i\u015flemlerinde uzman (Sertifikal\u0131) personelimiz taraf\u0131ndan EN 17025 Standartlar\u0131na g\u00f6re akredite laboratuvarlar taraf\u0131ndan kalibrasyonu yap\u0131lm\u0131\u015f cihazlar kullan\u0131larak yap\u0131lmaktad\u0131r.<\/p>\n<\/div>\n\t\t<\/div>\n\t<\/div>\n<\/div>\n","protected":false},"excerpt":{"rendered":"<p>M\u00fc\u015fteri iste\u011fine ba\u011fl\u0131 olarak yapabilece\u011fimiz kalite kontrol ve dok\u00fcmantasyon a\u015fa\u011f\u0131daki gibidir : 1-&nbsp;ITP (Muayene ve Test Plan\u0131)2-&nbsp;WPS (Kaynak Y\u00f6ntem \u015eartnamesi)3-&nbsp;PQR (Y\u00f6ntem Kalifikasyon Kayd\u0131)4-&nbsp;WPQ (Kaynak\u00e7\u0131 Sertifikas\u0131)5-&nbsp;Tahribats\u0131zMuayeneler (VT, PT, MT, UT, RT, Boroskop, PMI, Delta Ferrit Testi, Boya Kal\u0131nl\u0131k \u00d6l\u00e7\u00fcm\u00fc, Malzeme Kal\u0131nl\u0131k \u00d6l\u00e7\u00fcm\u00fc)6-&nbsp;Tahribatl\u0131 Muayeneler (\u00c7ekme, E\u011fme, Sertlik, Makroskopi, Mikroskop, Kimyasal Analiz)7-&nbsp;\u00d6l\u00e7\u00fc Kontrolleri (Totalstation, Nivo, Teodolit)<\/p>\n","protected":false},"author":1,"featured_media":0,"parent":0,"menu_order":0,"comment_status":"closed","ping_status":"closed","template":"","meta":{"footnotes":""},"class_list":["post-705","page","type-page","status-publish","hentry"],"yoast_head":"<!-- This site is optimized with the Yoast SEO plugin v22.8 - https:\/\/yoast.com\/wordpress\/plugins\/seo\/ -->\n<title>Documentation - BKY Engineering<\/title>\n<meta name=\"robots\" content=\"index, follow, max-snippet:-1, max-image-preview:large, max-video-preview:-1\" \/>\n<link rel=\"canonical\" href=\"https:\/\/www.bkymuhendislik.com\/en\/documentation\/\" \/>\n<meta property=\"og:locale\" content=\"tr_TR\" \/>\n<meta property=\"og:type\" content=\"article\" \/>\n<meta property=\"og:title\" content=\"Documentation - BKY Engineering\" \/>\n<meta property=\"og:description\" content=\"M\u00fc\u015fteri iste\u011fine ba\u011fl\u0131 olarak yapabilece\u011fimiz kalite kontrol ve dok\u00fcmantasyon a\u015fa\u011f\u0131daki gibidir : 1-&nbsp;ITP (Muayene ve Test Plan\u0131)2-&nbsp;WPS (Kaynak Y\u00f6ntem \u015eartnamesi)3-&nbsp;PQR (Y\u00f6ntem Kalifikasyon Kayd\u0131)4-&nbsp;WPQ (Kaynak\u00e7\u0131 Sertifikas\u0131)5-&nbsp;Tahribats\u0131zMuayeneler (VT, PT, MT, UT, RT, Boroskop, PMI, Delta Ferrit Testi, Boya Kal\u0131nl\u0131k \u00d6l\u00e7\u00fcm\u00fc, Malzeme Kal\u0131nl\u0131k \u00d6l\u00e7\u00fcm\u00fc)6-&nbsp;Tahribatl\u0131 Muayeneler (\u00c7ekme, E\u011fme, Sertlik, Makroskopi, Mikroskop, Kimyasal Analiz)7-&nbsp;\u00d6l\u00e7\u00fc Kontrolleri (Totalstation, Nivo, Teodolit)\" \/>\n<meta property=\"og:url\" content=\"https:\/\/www.bkymuhendislik.com\/en\/documentation\/\" \/>\n<meta property=\"og:site_name\" content=\"BKY Engineering\" \/>\n<meta property=\"og:image\" content=\"https:\/\/www.bkymuhendislik.com\/en\/wp-content\/uploads\/2024\/05\/bkymuhendislik_dokumantasyon-1024x576.webp\" \/>\n<meta name=\"twitter:card\" content=\"summary_large_image\" \/>\n<meta name=\"twitter:label1\" content=\"Tahmini okuma s\u00fcresi\" \/>\n\t<meta name=\"twitter:data1\" content=\"1 dakika\" \/>\n<script type=\"application\/ld+json\" class=\"yoast-schema-graph\">{\"@context\":\"https:\/\/schema.org\",\"@graph\":[{\"@type\":\"WebPage\",\"@id\":\"https:\/\/www.bkymuhendislik.com\/en\/documentation\/\",\"url\":\"https:\/\/www.bkymuhendislik.com\/en\/documentation\/\",\"name\":\"Documentation - BKY Engineering\",\"isPartOf\":{\"@id\":\"https:\/\/www.bkymuhendislik.com\/en\/#website\"},\"primaryImageOfPage\":{\"@id\":\"https:\/\/www.bkymuhendislik.com\/en\/documentation\/#primaryimage\"},\"image\":{\"@id\":\"https:\/\/www.bkymuhendislik.com\/en\/documentation\/#primaryimage\"},\"thumbnailUrl\":\"https:\/\/www.bkymuhendislik.com\/en\/wp-content\/uploads\/2024\/05\/bkymuhendislik_dokumantasyon-1024x576.webp\",\"datePublished\":\"2024-05-30T20:45:22+00:00\",\"dateModified\":\"2024-05-30T20:45:22+00:00\",\"breadcrumb\":{\"@id\":\"https:\/\/www.bkymuhendislik.com\/en\/documentation\/#breadcrumb\"},\"inLanguage\":\"tr\",\"potentialAction\":[{\"@type\":\"ReadAction\",\"target\":[\"https:\/\/www.bkymuhendislik.com\/en\/documentation\/\"]}]},{\"@type\":\"ImageObject\",\"inLanguage\":\"tr\",\"@id\":\"https:\/\/www.bkymuhendislik.com\/en\/documentation\/#primaryimage\",\"url\":\"https:\/\/www.bkymuhendislik.com\/en\/wp-content\/uploads\/2024\/05\/bkymuhendislik_dokumantasyon.webp\",\"contentUrl\":\"https:\/\/www.bkymuhendislik.com\/en\/wp-content\/uploads\/2024\/05\/bkymuhendislik_dokumantasyon.webp\",\"width\":1920,\"height\":1080},{\"@type\":\"BreadcrumbList\",\"@id\":\"https:\/\/www.bkymuhendislik.com\/en\/documentation\/#breadcrumb\",\"itemListElement\":[{\"@type\":\"ListItem\",\"position\":1,\"name\":\"Anasayfa\",\"item\":\"https:\/\/www.bkymuhendislik.com\/en\/\"},{\"@type\":\"ListItem\",\"position\":2,\"name\":\"Documentation\"}]},{\"@type\":\"WebSite\",\"@id\":\"https:\/\/www.bkymuhendislik.com\/en\/#website\",\"url\":\"https:\/\/www.bkymuhendislik.com\/en\/\",\"name\":\"BKY Engineering\",\"description\":\"Eng\u0131neer\u0131ng &amp; Supply - Construct\u0131on \u2013 Manufactur\u0131ng\",\"potentialAction\":[{\"@type\":\"SearchAction\",\"target\":{\"@type\":\"EntryPoint\",\"urlTemplate\":\"https:\/\/www.bkymuhendislik.com\/en\/?s={search_term_string}\"},\"query-input\":\"required name=search_term_string\"}],\"inLanguage\":\"tr\"}]}<\/script>\n<!-- \/ Yoast SEO plugin. -->","yoast_head_json":{"title":"Documentation - BKY Engineering","robots":{"index":"index","follow":"follow","max-snippet":"max-snippet:-1","max-image-preview":"max-image-preview:large","max-video-preview":"max-video-preview:-1"},"canonical":"https:\/\/www.bkymuhendislik.com\/en\/documentation\/","og_locale":"tr_TR","og_type":"article","og_title":"Documentation - BKY Engineering","og_description":"M\u00fc\u015fteri iste\u011fine ba\u011fl\u0131 olarak yapabilece\u011fimiz kalite kontrol ve dok\u00fcmantasyon a\u015fa\u011f\u0131daki gibidir : 1-&nbsp;ITP (Muayene ve Test Plan\u0131)2-&nbsp;WPS (Kaynak Y\u00f6ntem \u015eartnamesi)3-&nbsp;PQR (Y\u00f6ntem Kalifikasyon Kayd\u0131)4-&nbsp;WPQ (Kaynak\u00e7\u0131 Sertifikas\u0131)5-&nbsp;Tahribats\u0131zMuayeneler (VT, PT, MT, UT, RT, Boroskop, PMI, Delta Ferrit Testi, Boya Kal\u0131nl\u0131k \u00d6l\u00e7\u00fcm\u00fc, Malzeme Kal\u0131nl\u0131k \u00d6l\u00e7\u00fcm\u00fc)6-&nbsp;Tahribatl\u0131 Muayeneler (\u00c7ekme, E\u011fme, Sertlik, Makroskopi, Mikroskop, Kimyasal Analiz)7-&nbsp;\u00d6l\u00e7\u00fc Kontrolleri (Totalstation, Nivo, Teodolit)","og_url":"https:\/\/www.bkymuhendislik.com\/en\/documentation\/","og_site_name":"BKY Engineering","og_image":[{"url":"https:\/\/www.bkymuhendislik.com\/en\/wp-content\/uploads\/2024\/05\/bkymuhendislik_dokumantasyon-1024x576.webp"}],"twitter_card":"summary_large_image","twitter_misc":{"Tahmini okuma s\u00fcresi":"1 dakika"},"schema":{"@context":"https:\/\/schema.org","@graph":[{"@type":"WebPage","@id":"https:\/\/www.bkymuhendislik.com\/en\/documentation\/","url":"https:\/\/www.bkymuhendislik.com\/en\/documentation\/","name":"Documentation - BKY Engineering","isPartOf":{"@id":"https:\/\/www.bkymuhendislik.com\/en\/#website"},"primaryImageOfPage":{"@id":"https:\/\/www.bkymuhendislik.com\/en\/documentation\/#primaryimage"},"image":{"@id":"https:\/\/www.bkymuhendislik.com\/en\/documentation\/#primaryimage"},"thumbnailUrl":"https:\/\/www.bkymuhendislik.com\/en\/wp-content\/uploads\/2024\/05\/bkymuhendislik_dokumantasyon-1024x576.webp","datePublished":"2024-05-30T20:45:22+00:00","dateModified":"2024-05-30T20:45:22+00:00","breadcrumb":{"@id":"https:\/\/www.bkymuhendislik.com\/en\/documentation\/#breadcrumb"},"inLanguage":"tr","potentialAction":[{"@type":"ReadAction","target":["https:\/\/www.bkymuhendislik.com\/en\/documentation\/"]}]},{"@type":"ImageObject","inLanguage":"tr","@id":"https:\/\/www.bkymuhendislik.com\/en\/documentation\/#primaryimage","url":"https:\/\/www.bkymuhendislik.com\/en\/wp-content\/uploads\/2024\/05\/bkymuhendislik_dokumantasyon.webp","contentUrl":"https:\/\/www.bkymuhendislik.com\/en\/wp-content\/uploads\/2024\/05\/bkymuhendislik_dokumantasyon.webp","width":1920,"height":1080},{"@type":"BreadcrumbList","@id":"https:\/\/www.bkymuhendislik.com\/en\/documentation\/#breadcrumb","itemListElement":[{"@type":"ListItem","position":1,"name":"Anasayfa","item":"https:\/\/www.bkymuhendislik.com\/en\/"},{"@type":"ListItem","position":2,"name":"Documentation"}]},{"@type":"WebSite","@id":"https:\/\/www.bkymuhendislik.com\/en\/#website","url":"https:\/\/www.bkymuhendislik.com\/en\/","name":"BKY Engineering","description":"Eng\u0131neer\u0131ng &amp; Supply - Construct\u0131on \u2013 Manufactur\u0131ng","potentialAction":[{"@type":"SearchAction","target":{"@type":"EntryPoint","urlTemplate":"https:\/\/www.bkymuhendislik.com\/en\/?s={search_term_string}"},"query-input":"required name=search_term_string"}],"inLanguage":"tr"}]}},"_links":{"self":[{"href":"https:\/\/www.bkymuhendislik.com\/en\/wp-json\/wp\/v2\/pages\/705","targetHints":{"allow":["GET"]}}],"collection":[{"href":"https:\/\/www.bkymuhendislik.com\/en\/wp-json\/wp\/v2\/pages"}],"about":[{"href":"https:\/\/www.bkymuhendislik.com\/en\/wp-json\/wp\/v2\/types\/page"}],"author":[{"embeddable":true,"href":"https:\/\/www.bkymuhendislik.com\/en\/wp-json\/wp\/v2\/users\/1"}],"replies":[{"embeddable":true,"href":"https:\/\/www.bkymuhendislik.com\/en\/wp-json\/wp\/v2\/comments?post=705"}],"version-history":[{"count":1,"href":"https:\/\/www.bkymuhendislik.com\/en\/wp-json\/wp\/v2\/pages\/705\/revisions"}],"predecessor-version":[{"id":706,"href":"https:\/\/www.bkymuhendislik.com\/en\/wp-json\/wp\/v2\/pages\/705\/revisions\/706"}],"wp:attachment":[{"href":"https:\/\/www.bkymuhendislik.com\/en\/wp-json\/wp\/v2\/media?parent=705"}],"curies":[{"name":"wp","href":"https:\/\/api.w.org\/{rel}","templated":true}]}}