{"id":702,"date":"2024-05-30T23:42:17","date_gmt":"2024-05-30T20:42:17","guid":{"rendered":"https:\/\/www.bkymuhendislik.com\/en\/?page_id=702"},"modified":"2024-05-30T23:42:18","modified_gmt":"2024-05-30T20:42:18","slug":"quality-system","status":"publish","type":"page","link":"https:\/\/www.bkymuhendislik.com\/en\/quality-system\/","title":{"rendered":"Quality System"},"content":{"rendered":"\n<figure class=\"wp-block-image size-large\"><img loading=\"lazy\" decoding=\"async\" width=\"1024\" height=\"576\" src=\"https:\/\/www.bkymuhendislik.com\/en\/wp-content\/uploads\/2024\/05\/bkymuhendislik_kalite_sistemi-1024x576.webp\" alt=\"\" class=\"wp-image-690\" srcset=\"https:\/\/www.bkymuhendislik.com\/en\/wp-content\/uploads\/2024\/05\/bkymuhendislik_kalite_sistemi-1024x576.webp 1024w, https:\/\/www.bkymuhendislik.com\/en\/wp-content\/uploads\/2024\/05\/bkymuhendislik_kalite_sistemi-300x169.webp 300w, https:\/\/www.bkymuhendislik.com\/en\/wp-content\/uploads\/2024\/05\/bkymuhendislik_kalite_sistemi-768x432.webp 768w, https:\/\/www.bkymuhendislik.com\/en\/wp-content\/uploads\/2024\/05\/bkymuhendislik_kalite_sistemi-1536x864.webp 1536w, https:\/\/www.bkymuhendislik.com\/en\/wp-content\/uploads\/2024\/05\/bkymuhendislik_kalite_sistemi.webp 1920w\" sizes=\"auto, (max-width: 1024px) 100vw, 1024px\" \/><\/figure>\n\n\n<div class=\"singleHeading\">\n\t<div class=\"inner\">\n\t\t<span class=\"safiricon icon\"><svg class=\"safiricon-guvenlik\"><use href=\"#safiricon-guvenlik\"><\/use><\/svg><\/span>\t\t<div class=\"text\">Quality System<\/div>\n\t<\/div>\n<\/div>\n\n\n<p>BKY imalat\u0131n her a\u015famas\u0131nda uygulanan kalite kontroller ile olas\u0131 hatalar\u0131n en erken \u015fekilde tespit edilmesi, bu hatalar\u0131n en uygun y\u00f6ntemle bertaraf edilmesi ve s\u00fcrekli iyile\u015ftirme ile bir daha m\u00fcmk\u00fcn oldu\u011funca tekrarlanmamas\u0131 ama\u00e7lanmaktad\u0131r. Uygulanan sistemde ba\u011f\u0131ms\u0131z kalite kontrol b\u00f6l\u00fcm\u00fcn\u00fcn yan\u0131 s\u0131ra her \u00e7al\u0131\u015fan uygunsuzluklar\u0131n tespiti konusunda te\u015fvik edilmektedir.<\/p>\n\n\n<div class=\"safir-faq\">\n\t<div class=\"question\">\n\t\t<div class=\"themeicon icon\">\n\t\t\t<span class=\"themeicon icon\"><svg class=\"themeicon-plus\"><use href=\"#themeicon-plus\"><\/use><\/svg><\/span>\t\t\t<span class=\"themeicon icon\"><svg class=\"themeicon-minus\"><use href=\"#themeicon-minus\"><\/use><\/svg><\/span>\t\t<\/div>\n\t\t<span class=\"text\">Order<\/span>\n\t\t<div class=\"openclose plus\"><\/div>\n\t<\/div>\n\t<div class=\"answer\">\n<p class=\"wp-block-safirtema-sorucevap answer safir-faq\">M\u00fc\u015fteri \u015fartnamesi, istenen hizmetin tabi oldu\u011fu standartlara uygunlu\u011fu a\u00e7\u0131s\u0131ndan incelenir ve yap\u0131lmas\u0131 gereken de\u011fi\u015fiklikler ilk a\u015famada tespit edilerek taraflar aras\u0131nda mutabakat yolu aran\u0131r.<\/p>\n<\/div>\n<\/div>\n\n<div class=\"safir-faq\">\n\t<div class=\"question\">\n\t\t<div class=\"themeicon icon\">\n\t\t\t<span class=\"themeicon icon\"><svg class=\"themeicon-plus\"><use href=\"#themeicon-plus\"><\/use><\/svg><\/span>\t\t\t<span class=\"themeicon icon\"><svg class=\"themeicon-minus\"><use href=\"#themeicon-minus\"><\/use><\/svg><\/span>\t\t<\/div>\n\t\t<span class=\"text\">Planning<\/span>\n\t\t<div class=\"openclose plus\"><\/div>\n\t<\/div>\n\t<div class=\"answer\">\n<p class=\"wp-block-safirtema-sorucevap answer safir-faq\">Al\u0131nan her sipari\u015fte i\u015f baz\u0131nda ve BKY\u2019nin genel imalatlar\u0131 kapsam\u0131nda olmak \u00fczere i\u015f plan\u0131 olu\u015fturulur.<\/p>\n<\/div>\n<\/div>\n\n<div class=\"safir-faq\">\n\t<div class=\"question\">\n\t\t<div class=\"themeicon icon\">\n\t\t\t<span class=\"themeicon icon\"><svg class=\"themeicon-plus\"><use href=\"#themeicon-plus\"><\/use><\/svg><\/span>\t\t\t<span class=\"themeicon icon\"><svg class=\"themeicon-minus\"><use href=\"#themeicon-minus\"><\/use><\/svg><\/span>\t\t<\/div>\n\t\t<span class=\"text\">Design<\/span>\n\t\t<div class=\"openclose plus\"><\/div>\n\t<\/div>\n\t<div class=\"answer\">\n<p class=\"wp-block-safirtema-sorucevap answer safir-faq\">Tasar\u0131m\u0131n da BKY kapsam\u0131nda oldu\u011fu i\u015flerimizde BKY Tasar\u0131m Birimi, m\u00fc\u015fterinin talep etti\u011fi standartlar ve toleranslar dahilinde en verimli imalat metodlar\u0131n\u0131n kullan\u0131laca\u011f\u0131 tasar\u0131m\u0131 haz\u0131rlar. M\u00fc\u015fteri taraf\u0131ndan temin edilen tasar\u0131mlar da BKY Tasar\u0131m Birimi taraf\u0131ndan incelenerek, olas\u0131 uygunsuzluklar\u0131n \u00f6n\u00fcne malzeme tedarikinden \u00f6nce ge\u00e7ilmi\u015f olunur.<\/p>\n<\/div>\n<\/div>\n\n<div class=\"safir-faq\">\n\t<div class=\"question\">\n\t\t<div class=\"themeicon icon\">\n\t\t\t<span class=\"themeicon icon\"><svg class=\"themeicon-plus\"><use href=\"#themeicon-plus\"><\/use><\/svg><\/span>\t\t\t<span class=\"themeicon icon\"><svg class=\"themeicon-minus\"><use href=\"#themeicon-minus\"><\/use><\/svg><\/span>\t\t<\/div>\n\t\t<span class=\"text\">Material and Order<\/span>\n\t\t<div class=\"openclose plus\"><\/div>\n\t<\/div>\n\t<div class=\"answer\">\n<p class=\"wp-block-safirtema-sorucevap answer safir-faq\">Tasar\u0131m\u0131 netle\u015fmi\u015f olan par\u00e7alar\u0131 imal etmek i\u00e7in gerekli olan malzemelerin sipari\u015fleri Sat\u0131n Alma Birimi taraf\u0131ndan verilir. \u00dcr\u00fcnler i\u015flem \u00f6ncesi kalite kontrolden ge\u00e7irilerek \u00fcretime haz\u0131r hale getirilir.<\/p>\n<\/div>\n<\/div>\n\n<div class=\"safir-faq\">\n\t<div class=\"question\">\n\t\t<div class=\"themeicon icon\">\n\t\t\t<span class=\"themeicon icon\"><svg class=\"themeicon-plus\"><use href=\"#themeicon-plus\"><\/use><\/svg><\/span>\t\t\t<span class=\"themeicon icon\"><svg class=\"themeicon-minus\"><use href=\"#themeicon-minus\"><\/use><\/svg><\/span>\t\t<\/div>\n\t\t<span class=\"text\">Surface Preparation<\/span>\n\t\t<div class=\"openclose plus\"><\/div>\n\t<\/div>\n\t<div class=\"answer\">\n<p class=\"wp-block-safirtema-sorucevap answer safir-faq\">\u0130malata ge\u00e7meden \u00f6nce malzeme y\u00fczey haz\u0131rl\u0131\u011f\u0131na tabi tutulur. Malzeme y\u00fczeyi m\u00fc\u015fteri talepleri do\u011frultusunda SA 2\u00bd ya da SA 3 kalitesinde kumland\u0131ktan sonra farkl\u0131 bir talep olmad\u0131\u011f\u0131 takdirde 25 um kal\u0131nl\u0131\u011f\u0131nda epoksi shop primer uygulanarak korozif etkilerin \u00f6n\u00fcne ge\u00e7ilir.<\/p>\n<\/div>\n<\/div>\n\n<div class=\"safir-faq\">\n\t<div class=\"question\">\n\t\t<div class=\"themeicon icon\">\n\t\t\t<span class=\"themeicon icon\"><svg class=\"themeicon-plus\"><use href=\"#themeicon-plus\"><\/use><\/svg><\/span>\t\t\t<span class=\"themeicon icon\"><svg class=\"themeicon-minus\"><use href=\"#themeicon-minus\"><\/use><\/svg><\/span>\t\t<\/div>\n\t\t<span class=\"text\">Cutting and Shaping<\/span>\n\t\t<div class=\"openclose plus\"><\/div>\n\t<\/div>\n\t<div class=\"answer\">\n<p class=\"wp-block-safirtema-sorucevap answer safir-faq\">Kesim sonras\u0131nda par\u00e7alara montaja uygunluk a\u00e7\u0131s\u0131ndan boyut kontrol\u00fc uygulan\u0131r ve olas\u0131 hatalar\u0131n \u00f6n\u00fcne ge\u00e7ilir.<\/p>\n<\/div>\n<\/div>\n\n<div class=\"safir-faq\">\n\t<div class=\"question\">\n\t\t<div class=\"themeicon icon\">\n\t\t\t<span class=\"themeicon icon\"><svg class=\"themeicon-plus\"><use href=\"#themeicon-plus\"><\/use><\/svg><\/span>\t\t\t<span class=\"themeicon icon\"><svg class=\"themeicon-minus\"><use href=\"#themeicon-minus\"><\/use><\/svg><\/span>\t\t<\/div>\n\t\t<span class=\"text\">Front Assembly<\/span>\n\t\t<div class=\"openclose plus\"><\/div>\n\t<\/div>\n\t<div class=\"answer\">\n<p class=\"wp-block-safirtema-sorucevap answer safir-faq\">\u00d6n montaj\u0131 m\u00fcteakip, kayna\u011fa ge\u00e7ilmeden \u00f6nce imalatta boyut ve kaynak a\u011fz\u0131 kontrol\u00fc ger\u00e7ekle\u015ftirilir. Kaynak \u00f6ncesinde \u00f6zellikle karma\u015f\u0131k par\u00e7alar i\u00e7in kaynak planlar\u0131 haz\u0131rlanarak malzeme de \u00e7arp\u0131lmalar\u0131n ve art\u0131k gerilmelerin minimumda tutulmas\u0131 ama\u00e7lan\u0131r.<\/p>\n<\/div>\n<\/div>\n\n<div class=\"safir-faq\">\n\t<div class=\"question\">\n\t\t<div class=\"themeicon icon\">\n\t\t\t<span class=\"themeicon icon\"><svg class=\"themeicon-plus\"><use href=\"#themeicon-plus\"><\/use><\/svg><\/span>\t\t\t<span class=\"themeicon icon\"><svg class=\"themeicon-minus\"><use href=\"#themeicon-minus\"><\/use><\/svg><\/span>\t\t<\/div>\n\t\t<span class=\"text\">Source<\/span>\n\t\t<div class=\"openclose plus\"><\/div>\n\t<\/div>\n\t<div class=\"answer\">\n<p class=\"wp-block-safirtema-sorucevap answer safir-faq\">BKY\u2019nin kaynak i\u015flemi, malzemeye, y\u00f6nteme ve \u00e7evre \u015fartlar\u0131na ba\u011fl\u0131 olarak de\u011fi\u015fiklik g\u00f6steren WPS&#8217;lere uygun olarak ve sertifikal\u0131 kaynak\u00e7\u0131lar \/ kaynak operat\u00f6rleri taraf\u0131ndan ger\u00e7ekle\u015ftirilir. Tamamlanan kaynaklar yetkili personel taraf\u0131ndan tahribats\u0131z muayene y\u00f6ntemleri ile test edilir.<\/p>\n<\/div>\n<\/div>\n\n<div class=\"safir-faq\">\n\t<div class=\"question\">\n\t\t<div class=\"themeicon icon\">\n\t\t\t<span class=\"themeicon icon\"><svg class=\"themeicon-plus\"><use href=\"#themeicon-plus\"><\/use><\/svg><\/span>\t\t\t<span class=\"themeicon icon\"><svg class=\"themeicon-minus\"><use href=\"#themeicon-minus\"><\/use><\/svg><\/span>\t\t<\/div>\n\t\t<span class=\"text\">Heat Treatments<\/span>\n\t\t<div class=\"openclose plus\"><\/div>\n\t<\/div>\n\t<div class=\"answer\">\n<p class=\"wp-block-safirtema-sorucevap answer safir-faq\">\u00dcretilen \u00fcr\u00fcn\u00fcn kullan\u0131laca\u011f\u0131 ortam \u015fartlar\u0131n\u0131n zorlay\u0131c\u0131 oldu\u011fu durumlarda, malzemeye uygulanan plastik \u015fekillendirmenin belli de\u011ferleri a\u015ft\u0131\u011f\u0131 durumlarda ve kaynaktan kaynaklanan art\u0131k gerilmelerin bertaraf edilmesi istendi\u011finde malzemeye BKY\u2019nin prosed\u00fcrlerine uygun olarak \u0131s\u0131l i\u015flem uygulan\u0131r.<\/p>\n<\/div>\n<\/div>\n\n<div class=\"safir-faq\">\n\t<div class=\"question\">\n\t\t<div class=\"themeicon icon\">\n\t\t\t<span class=\"themeicon icon\"><svg class=\"themeicon-plus\"><use href=\"#themeicon-plus\"><\/use><\/svg><\/span>\t\t\t<span class=\"themeicon icon\"><svg class=\"themeicon-minus\"><use href=\"#themeicon-minus\"><\/use><\/svg><\/span>\t\t<\/div>\n\t\t<span class=\"text\">Performance Tests<\/span>\n\t\t<div class=\"openclose plus\"><\/div>\n\t<\/div>\n\t<div class=\"answer\">\n<p class=\"wp-block-safirtema-sorucevap answer safir-faq\">\u0130malat\u0131 tamamlanan \u00fcr\u00fcn cinsine ba\u011fl\u0131 olarak fonksiyon testlerine tabi tutulur. Test neticesinde performans testi raporu d\u00fczenlenerek \u00fcr\u00fcn\u00fcn kalite dosyas\u0131na koyulur.<\/p>\n<\/div>\n<\/div>\n\n<div class=\"safir-faq\">\n\t<div class=\"question\">\n\t\t<div class=\"themeicon icon\">\n\t\t\t<span class=\"themeicon icon\"><svg class=\"themeicon-plus\"><use href=\"#themeicon-plus\"><\/use><\/svg><\/span>\t\t\t<span class=\"themeicon icon\"><svg class=\"themeicon-minus\"><use href=\"#themeicon-minus\"><\/use><\/svg><\/span>\t\t<\/div>\n\t\t<span class=\"text\">Paint<\/span>\n\t\t<div class=\"openclose plus\"><\/div>\n\t<\/div>\n\t<div class=\"answer\">\n<p class=\"wp-block-safirtema-sorucevap answer safir-faq\">B\u00fct\u00fcn test ve kontrollerden ge\u00e7en \u00fcr\u00fcn m\u00fc\u015fteri taleplerine uygun olarak boyan\u0131r. Kuru film kal\u0131nl\u0131\u011f\u0131 \u00f6l\u00e7\u00fclerek raporlan\u0131r.<\/p>\n<\/div>\n<\/div>\n\n<div class=\"safir-faq\">\n\t<div class=\"question\">\n\t\t<div class=\"themeicon icon\">\n\t\t\t<span class=\"themeicon icon\"><svg class=\"themeicon-plus\"><use href=\"#themeicon-plus\"><\/use><\/svg><\/span>\t\t\t<span class=\"themeicon icon\"><svg class=\"themeicon-minus\"><use href=\"#themeicon-minus\"><\/use><\/svg><\/span>\t\t<\/div>\n\t\t<span class=\"text\">Packaging<\/span>\n\t\t<div class=\"openclose plus\"><\/div>\n\t<\/div>\n\t<div class=\"answer\">\n<p class=\"wp-block-safirtema-sorucevap answer safir-faq\">Sevke haz\u0131r \u00fcr\u00fcn son olarak ambalaj kontrol\u00fcnden ge\u00e7irilerek isim plakas\u0131 ve varsa ilgili damgalar \u00fcr\u00fcn\u00fcn \u00fcst\u00fcne vurulur.<\/p>\n<\/div>\n<\/div>","protected":false},"excerpt":{"rendered":"<p>BKY imalat\u0131n her a\u015famas\u0131nda uygulanan kalite kontroller ile olas\u0131 hatalar\u0131n en erken \u015fekilde tespit edilmesi, bu hatalar\u0131n en uygun y\u00f6ntemle bertaraf edilmesi ve s\u00fcrekli iyile\u015ftirme ile bir daha m\u00fcmk\u00fcn oldu\u011funca tekrarlanmamas\u0131 ama\u00e7lanmaktad\u0131r. Uygulanan sistemde ba\u011f\u0131ms\u0131z kalite kontrol b\u00f6l\u00fcm\u00fcn\u00fcn yan\u0131 s\u0131ra her \u00e7al\u0131\u015fan uygunsuzluklar\u0131n tespiti konusunda te\u015fvik edilmektedir.<\/p>\n","protected":false},"author":1,"featured_media":0,"parent":0,"menu_order":0,"comment_status":"closed","ping_status":"closed","template":"","meta":{"footnotes":""},"class_list":["post-702","page","type-page","status-publish","hentry"],"yoast_head":"<!-- This site is optimized with the Yoast SEO plugin v22.8 - https:\/\/yoast.com\/wordpress\/plugins\/seo\/ -->\n<title>Quality System - BKY Engineering<\/title>\n<meta name=\"robots\" content=\"index, follow, max-snippet:-1, max-image-preview:large, max-video-preview:-1\" \/>\n<link rel=\"canonical\" href=\"https:\/\/www.bkymuhendislik.com\/en\/quality-system\/\" \/>\n<meta property=\"og:locale\" content=\"tr_TR\" \/>\n<meta property=\"og:type\" content=\"article\" \/>\n<meta property=\"og:title\" content=\"Quality System - BKY Engineering\" \/>\n<meta property=\"og:description\" content=\"BKY imalat\u0131n her a\u015famas\u0131nda uygulanan kalite kontroller ile olas\u0131 hatalar\u0131n en erken \u015fekilde tespit edilmesi, bu hatalar\u0131n en uygun y\u00f6ntemle bertaraf edilmesi ve s\u00fcrekli iyile\u015ftirme ile bir daha m\u00fcmk\u00fcn oldu\u011funca tekrarlanmamas\u0131 ama\u00e7lanmaktad\u0131r. Uygulanan sistemde ba\u011f\u0131ms\u0131z kalite kontrol b\u00f6l\u00fcm\u00fcn\u00fcn yan\u0131 s\u0131ra her \u00e7al\u0131\u015fan uygunsuzluklar\u0131n tespiti konusunda te\u015fvik edilmektedir.\" \/>\n<meta property=\"og:url\" content=\"https:\/\/www.bkymuhendislik.com\/en\/quality-system\/\" \/>\n<meta property=\"og:site_name\" content=\"BKY Engineering\" \/>\n<meta property=\"article:modified_time\" content=\"2024-05-30T20:42:18+00:00\" \/>\n<meta property=\"og:image\" content=\"https:\/\/www.bkymuhendislik.com\/en\/wp-content\/uploads\/2024\/05\/bkymuhendislik_kalite_sistemi-1024x576.webp\" \/>\n<meta name=\"twitter:card\" content=\"summary_large_image\" \/>\n<meta name=\"twitter:label1\" content=\"Tahmini okuma s\u00fcresi\" \/>\n\t<meta name=\"twitter:data1\" content=\"3 dakika\" \/>\n<script type=\"application\/ld+json\" class=\"yoast-schema-graph\">{\"@context\":\"https:\/\/schema.org\",\"@graph\":[{\"@type\":\"WebPage\",\"@id\":\"https:\/\/www.bkymuhendislik.com\/en\/quality-system\/\",\"url\":\"https:\/\/www.bkymuhendislik.com\/en\/quality-system\/\",\"name\":\"Quality System - BKY Engineering\",\"isPartOf\":{\"@id\":\"https:\/\/www.bkymuhendislik.com\/en\/#website\"},\"primaryImageOfPage\":{\"@id\":\"https:\/\/www.bkymuhendislik.com\/en\/quality-system\/#primaryimage\"},\"image\":{\"@id\":\"https:\/\/www.bkymuhendislik.com\/en\/quality-system\/#primaryimage\"},\"thumbnailUrl\":\"https:\/\/www.bkymuhendislik.com\/en\/wp-content\/uploads\/2024\/05\/bkymuhendislik_kalite_sistemi-1024x576.webp\",\"datePublished\":\"2024-05-30T20:42:17+00:00\",\"dateModified\":\"2024-05-30T20:42:18+00:00\",\"breadcrumb\":{\"@id\":\"https:\/\/www.bkymuhendislik.com\/en\/quality-system\/#breadcrumb\"},\"inLanguage\":\"tr\",\"potentialAction\":[{\"@type\":\"ReadAction\",\"target\":[\"https:\/\/www.bkymuhendislik.com\/en\/quality-system\/\"]}]},{\"@type\":\"ImageObject\",\"inLanguage\":\"tr\",\"@id\":\"https:\/\/www.bkymuhendislik.com\/en\/quality-system\/#primaryimage\",\"url\":\"https:\/\/www.bkymuhendislik.com\/en\/wp-content\/uploads\/2024\/05\/bkymuhendislik_kalite_sistemi.webp\",\"contentUrl\":\"https:\/\/www.bkymuhendislik.com\/en\/wp-content\/uploads\/2024\/05\/bkymuhendislik_kalite_sistemi.webp\",\"width\":1920,\"height\":1080},{\"@type\":\"BreadcrumbList\",\"@id\":\"https:\/\/www.bkymuhendislik.com\/en\/quality-system\/#breadcrumb\",\"itemListElement\":[{\"@type\":\"ListItem\",\"position\":1,\"name\":\"Anasayfa\",\"item\":\"https:\/\/www.bkymuhendislik.com\/en\/\"},{\"@type\":\"ListItem\",\"position\":2,\"name\":\"Quality System\"}]},{\"@type\":\"WebSite\",\"@id\":\"https:\/\/www.bkymuhendislik.com\/en\/#website\",\"url\":\"https:\/\/www.bkymuhendislik.com\/en\/\",\"name\":\"BKY Engineering\",\"description\":\"Eng\u0131neer\u0131ng &amp; Supply - Construct\u0131on \u2013 Manufactur\u0131ng\",\"potentialAction\":[{\"@type\":\"SearchAction\",\"target\":{\"@type\":\"EntryPoint\",\"urlTemplate\":\"https:\/\/www.bkymuhendislik.com\/en\/?s={search_term_string}\"},\"query-input\":\"required name=search_term_string\"}],\"inLanguage\":\"tr\"}]}<\/script>\n<!-- \/ Yoast SEO plugin. -->","yoast_head_json":{"title":"Quality System - BKY Engineering","robots":{"index":"index","follow":"follow","max-snippet":"max-snippet:-1","max-image-preview":"max-image-preview:large","max-video-preview":"max-video-preview:-1"},"canonical":"https:\/\/www.bkymuhendislik.com\/en\/quality-system\/","og_locale":"tr_TR","og_type":"article","og_title":"Quality System - BKY Engineering","og_description":"BKY imalat\u0131n her a\u015famas\u0131nda uygulanan kalite kontroller ile olas\u0131 hatalar\u0131n en erken \u015fekilde tespit edilmesi, bu hatalar\u0131n en uygun y\u00f6ntemle bertaraf edilmesi ve s\u00fcrekli iyile\u015ftirme ile bir daha m\u00fcmk\u00fcn oldu\u011funca tekrarlanmamas\u0131 ama\u00e7lanmaktad\u0131r. Uygulanan sistemde ba\u011f\u0131ms\u0131z kalite kontrol b\u00f6l\u00fcm\u00fcn\u00fcn yan\u0131 s\u0131ra her \u00e7al\u0131\u015fan uygunsuzluklar\u0131n tespiti konusunda te\u015fvik edilmektedir.","og_url":"https:\/\/www.bkymuhendislik.com\/en\/quality-system\/","og_site_name":"BKY Engineering","article_modified_time":"2024-05-30T20:42:18+00:00","og_image":[{"url":"https:\/\/www.bkymuhendislik.com\/en\/wp-content\/uploads\/2024\/05\/bkymuhendislik_kalite_sistemi-1024x576.webp"}],"twitter_card":"summary_large_image","twitter_misc":{"Tahmini okuma s\u00fcresi":"3 dakika"},"schema":{"@context":"https:\/\/schema.org","@graph":[{"@type":"WebPage","@id":"https:\/\/www.bkymuhendislik.com\/en\/quality-system\/","url":"https:\/\/www.bkymuhendislik.com\/en\/quality-system\/","name":"Quality System - BKY Engineering","isPartOf":{"@id":"https:\/\/www.bkymuhendislik.com\/en\/#website"},"primaryImageOfPage":{"@id":"https:\/\/www.bkymuhendislik.com\/en\/quality-system\/#primaryimage"},"image":{"@id":"https:\/\/www.bkymuhendislik.com\/en\/quality-system\/#primaryimage"},"thumbnailUrl":"https:\/\/www.bkymuhendislik.com\/en\/wp-content\/uploads\/2024\/05\/bkymuhendislik_kalite_sistemi-1024x576.webp","datePublished":"2024-05-30T20:42:17+00:00","dateModified":"2024-05-30T20:42:18+00:00","breadcrumb":{"@id":"https:\/\/www.bkymuhendislik.com\/en\/quality-system\/#breadcrumb"},"inLanguage":"tr","potentialAction":[{"@type":"ReadAction","target":["https:\/\/www.bkymuhendislik.com\/en\/quality-system\/"]}]},{"@type":"ImageObject","inLanguage":"tr","@id":"https:\/\/www.bkymuhendislik.com\/en\/quality-system\/#primaryimage","url":"https:\/\/www.bkymuhendislik.com\/en\/wp-content\/uploads\/2024\/05\/bkymuhendislik_kalite_sistemi.webp","contentUrl":"https:\/\/www.bkymuhendislik.com\/en\/wp-content\/uploads\/2024\/05\/bkymuhendislik_kalite_sistemi.webp","width":1920,"height":1080},{"@type":"BreadcrumbList","@id":"https:\/\/www.bkymuhendislik.com\/en\/quality-system\/#breadcrumb","itemListElement":[{"@type":"ListItem","position":1,"name":"Anasayfa","item":"https:\/\/www.bkymuhendislik.com\/en\/"},{"@type":"ListItem","position":2,"name":"Quality System"}]},{"@type":"WebSite","@id":"https:\/\/www.bkymuhendislik.com\/en\/#website","url":"https:\/\/www.bkymuhendislik.com\/en\/","name":"BKY Engineering","description":"Eng\u0131neer\u0131ng &amp; Supply - Construct\u0131on \u2013 Manufactur\u0131ng","potentialAction":[{"@type":"SearchAction","target":{"@type":"EntryPoint","urlTemplate":"https:\/\/www.bkymuhendislik.com\/en\/?s={search_term_string}"},"query-input":"required name=search_term_string"}],"inLanguage":"tr"}]}},"_links":{"self":[{"href":"https:\/\/www.bkymuhendislik.com\/en\/wp-json\/wp\/v2\/pages\/702","targetHints":{"allow":["GET"]}}],"collection":[{"href":"https:\/\/www.bkymuhendislik.com\/en\/wp-json\/wp\/v2\/pages"}],"about":[{"href":"https:\/\/www.bkymuhendislik.com\/en\/wp-json\/wp\/v2\/types\/page"}],"author":[{"embeddable":true,"href":"https:\/\/www.bkymuhendislik.com\/en\/wp-json\/wp\/v2\/users\/1"}],"replies":[{"embeddable":true,"href":"https:\/\/www.bkymuhendislik.com\/en\/wp-json\/wp\/v2\/comments?post=702"}],"version-history":[{"count":1,"href":"https:\/\/www.bkymuhendislik.com\/en\/wp-json\/wp\/v2\/pages\/702\/revisions"}],"predecessor-version":[{"id":703,"href":"https:\/\/www.bkymuhendislik.com\/en\/wp-json\/wp\/v2\/pages\/702\/revisions\/703"}],"wp:attachment":[{"href":"https:\/\/www.bkymuhendislik.com\/en\/wp-json\/wp\/v2\/media?parent=702"}],"curies":[{"name":"wp","href":"https:\/\/api.w.org\/{rel}","templated":true}]}}