{"id":688,"date":"2024-05-30T23:27:58","date_gmt":"2024-05-30T20:27:58","guid":{"rendered":"https:\/\/www.bkymuhendislik.com\/en\/?page_id=688"},"modified":"2024-05-30T23:32:07","modified_gmt":"2024-05-30T20:32:07","slug":"quality-policy","status":"publish","type":"page","link":"https:\/\/www.bkymuhendislik.com\/en\/quality-policy\/","title":{"rendered":"Quality Policy"},"content":{"rendered":"\n<figure class=\"wp-block-image size-large\"><img loading=\"lazy\" decoding=\"async\" width=\"1024\" height=\"576\" src=\"https:\/\/www.bkymuhendislik.com\/en\/wp-content\/uploads\/2024\/05\/bkymuhendislik_kalite_politikasi-1024x576.webp\" alt=\"\" class=\"wp-image-689\" srcset=\"https:\/\/www.bkymuhendislik.com\/en\/wp-content\/uploads\/2024\/05\/bkymuhendislik_kalite_politikasi-1024x576.webp 1024w, https:\/\/www.bkymuhendislik.com\/en\/wp-content\/uploads\/2024\/05\/bkymuhendislik_kalite_politikasi-300x169.webp 300w, https:\/\/www.bkymuhendislik.com\/en\/wp-content\/uploads\/2024\/05\/bkymuhendislik_kalite_politikasi-768x432.webp 768w, https:\/\/www.bkymuhendislik.com\/en\/wp-content\/uploads\/2024\/05\/bkymuhendislik_kalite_politikasi-1536x864.webp 1536w, https:\/\/www.bkymuhendislik.com\/en\/wp-content\/uploads\/2024\/05\/bkymuhendislik_kalite_politikasi.webp 1920w\" sizes=\"auto, (max-width: 1024px) 100vw, 1024px\" \/><\/figure>\n\n\n<div class=\"singleHeading\">\n\t<div class=\"inner\">\n\t\t<span class=\"safiricon icon\"><svg class=\"safiricon-guvenlik\"><use href=\"#safiricon-guvenlik\"><\/use><\/svg><\/span>\t\t<div class=\"text\">Quality Policy<\/div>\n\t<\/div>\n<\/div>\n\n\n<p>G\u00fcn\u00fcm\u00fcz \u015fartlar\u0131nda her t\u00fcrl\u00fc teknolojiyi kullanarak, taahh\u00fct etti\u011fimiz i\u015fleri zaman\u0131nda ve projelerine uygun olarak ger\u00e7ekle\u015ftirmeyi,\u00a0<\/p>\n\n\n\n<p>Bir defada do\u011fru yaparak maliyetleri d\u00fc\u015f\u00fcrmeyi ve firmam\u0131z\u0131n rekabet g\u00fcc\u00fcn\u00fc artt\u0131rmay\u0131,<\/p>\n\n\n\n<p>T\u00fcm faaliyetlerimizde kalite y\u00f6netim sistemini etkin uygulayarak s\u00fcrekli iyile\u015ftirmeyi,<\/p>\n\n\n\n<p>\u0130lgili taraflar\u0131n ve payda\u015flar\u0131n uygulanabilir ihtiya\u00e7, beklenti ve \u015fartlar\u0131n\u0131 yerine getirmeyi,<\/p>\n\n\n\n<p>Kalitenin m\u00fc\u015fteri odakl\u0131 oldu\u011fu bilincini \u00e7al\u0131\u015fanlar\u0131na a\u015f\u0131layarak, m\u00fc\u015fteri taleplerini zaman\u0131nda yerine getirmeyi ve m\u00fc\u015fteri memnuniyeti sa\u011flamay\u0131,<\/p>\n\n\n\n<p>\u00dcretimde, kalitenin yan\u0131 s\u0131ra verimlili\u011fi de artt\u0131rarak, s\u00fcrekli geli\u015fen ve iyile\u015fen bir grafik \u00e7izmeyi,<\/p>\n\n\n\n<p>\u00c7al\u0131\u015fanlar\u0131n bilgi seviyesini s\u00fcrekli geli\u015ftirmeyi, ekip \u00e7al\u0131\u015fmas\u0131na \u00f6nem vermeyi ve \u00e7al\u0131\u015fanlar\u0131n kat\u0131l\u0131m\u0131n\u0131 sa\u011flamay\u0131,<\/p>\n\n\n\n<p>Yeniliklere a\u00e7\u0131k olmay\u0131, son teknolojileri kullanmay\u0131 ve her zaman daha iyiyi aramay\u0131 taahh\u00fct ederiz.<\/p>\n","protected":false},"excerpt":{"rendered":"<p>G\u00fcn\u00fcm\u00fcz \u015fartlar\u0131nda her t\u00fcrl\u00fc teknolojiyi kullanarak, taahh\u00fct etti\u011fimiz i\u015fleri zaman\u0131nda ve projelerine uygun olarak ger\u00e7ekle\u015ftirmeyi,\u00a0 Bir defada do\u011fru yaparak maliyetleri d\u00fc\u015f\u00fcrmeyi ve firmam\u0131z\u0131n rekabet g\u00fcc\u00fcn\u00fc artt\u0131rmay\u0131, T\u00fcm faaliyetlerimizde kalite y\u00f6netim sistemini etkin uygulayarak s\u00fcrekli iyile\u015ftirmeyi, \u0130lgili taraflar\u0131n ve payda\u015flar\u0131n uygulanabilir ihtiya\u00e7, beklenti ve \u015fartlar\u0131n\u0131 yerine getirmeyi, Kalitenin m\u00fc\u015fteri odakl\u0131 oldu\u011fu bilincini \u00e7al\u0131\u015fanlar\u0131na a\u015f\u0131layarak, m\u00fc\u015fteri taleplerini [&hellip;]<\/p>\n","protected":false},"author":1,"featured_media":0,"parent":0,"menu_order":0,"comment_status":"closed","ping_status":"closed","template":"","meta":{"footnotes":""},"class_list":["post-688","page","type-page","status-publish","hentry"],"yoast_head":"<!-- This site is optimized with the Yoast SEO plugin v22.8 - https:\/\/yoast.com\/wordpress\/plugins\/seo\/ -->\n<title>Quality Policy - BKY Engineering<\/title>\n<meta name=\"robots\" content=\"index, follow, max-snippet:-1, max-image-preview:large, max-video-preview:-1\" \/>\n<link rel=\"canonical\" href=\"https:\/\/www.bkymuhendislik.com\/en\/quality-policy\/\" \/>\n<meta property=\"og:locale\" content=\"tr_TR\" \/>\n<meta property=\"og:type\" content=\"article\" \/>\n<meta property=\"og:title\" content=\"Quality Policy - BKY Engineering\" \/>\n<meta property=\"og:description\" content=\"G\u00fcn\u00fcm\u00fcz \u015fartlar\u0131nda her t\u00fcrl\u00fc teknolojiyi kullanarak, taahh\u00fct etti\u011fimiz i\u015fleri zaman\u0131nda ve projelerine uygun olarak ger\u00e7ekle\u015ftirmeyi,\u00a0 Bir defada do\u011fru yaparak maliyetleri d\u00fc\u015f\u00fcrmeyi ve firmam\u0131z\u0131n rekabet g\u00fcc\u00fcn\u00fc artt\u0131rmay\u0131, T\u00fcm faaliyetlerimizde kalite y\u00f6netim sistemini etkin uygulayarak s\u00fcrekli iyile\u015ftirmeyi, \u0130lgili taraflar\u0131n ve payda\u015flar\u0131n uygulanabilir ihtiya\u00e7, beklenti ve \u015fartlar\u0131n\u0131 yerine getirmeyi, Kalitenin m\u00fc\u015fteri odakl\u0131 oldu\u011fu bilincini \u00e7al\u0131\u015fanlar\u0131na a\u015f\u0131layarak, m\u00fc\u015fteri taleplerini [&hellip;]\" \/>\n<meta property=\"og:url\" content=\"https:\/\/www.bkymuhendislik.com\/en\/quality-policy\/\" \/>\n<meta property=\"og:site_name\" content=\"BKY Engineering\" \/>\n<meta property=\"article:modified_time\" content=\"2024-05-30T20:32:07+00:00\" \/>\n<meta property=\"og:image\" content=\"https:\/\/www.bkymuhendislik.com\/en\/wp-content\/uploads\/2024\/05\/bkymuhendislik_kalite_politikasi-1024x576.webp\" \/>\n<meta name=\"twitter:card\" content=\"summary_large_image\" \/>\n<meta name=\"twitter:label1\" content=\"Tahmini okuma s\u00fcresi\" \/>\n\t<meta name=\"twitter:data1\" content=\"1 dakika\" \/>\n<script type=\"application\/ld+json\" class=\"yoast-schema-graph\">{\"@context\":\"https:\/\/schema.org\",\"@graph\":[{\"@type\":\"WebPage\",\"@id\":\"https:\/\/www.bkymuhendislik.com\/en\/quality-policy\/\",\"url\":\"https:\/\/www.bkymuhendislik.com\/en\/quality-policy\/\",\"name\":\"Quality Policy - BKY Engineering\",\"isPartOf\":{\"@id\":\"https:\/\/www.bkymuhendislik.com\/en\/#website\"},\"primaryImageOfPage\":{\"@id\":\"https:\/\/www.bkymuhendislik.com\/en\/quality-policy\/#primaryimage\"},\"image\":{\"@id\":\"https:\/\/www.bkymuhendislik.com\/en\/quality-policy\/#primaryimage\"},\"thumbnailUrl\":\"https:\/\/www.bkymuhendislik.com\/en\/wp-content\/uploads\/2024\/05\/bkymuhendislik_kalite_politikasi-1024x576.webp\",\"datePublished\":\"2024-05-30T20:27:58+00:00\",\"dateModified\":\"2024-05-30T20:32:07+00:00\",\"breadcrumb\":{\"@id\":\"https:\/\/www.bkymuhendislik.com\/en\/quality-policy\/#breadcrumb\"},\"inLanguage\":\"tr\",\"potentialAction\":[{\"@type\":\"ReadAction\",\"target\":[\"https:\/\/www.bkymuhendislik.com\/en\/quality-policy\/\"]}]},{\"@type\":\"ImageObject\",\"inLanguage\":\"tr\",\"@id\":\"https:\/\/www.bkymuhendislik.com\/en\/quality-policy\/#primaryimage\",\"url\":\"https:\/\/www.bkymuhendislik.com\/en\/wp-content\/uploads\/2024\/05\/bkymuhendislik_kalite_politikasi.webp\",\"contentUrl\":\"https:\/\/www.bkymuhendislik.com\/en\/wp-content\/uploads\/2024\/05\/bkymuhendislik_kalite_politikasi.webp\",\"width\":1920,\"height\":1080},{\"@type\":\"BreadcrumbList\",\"@id\":\"https:\/\/www.bkymuhendislik.com\/en\/quality-policy\/#breadcrumb\",\"itemListElement\":[{\"@type\":\"ListItem\",\"position\":1,\"name\":\"Anasayfa\",\"item\":\"https:\/\/www.bkymuhendislik.com\/en\/\"},{\"@type\":\"ListItem\",\"position\":2,\"name\":\"Quality Policy\"}]},{\"@type\":\"WebSite\",\"@id\":\"https:\/\/www.bkymuhendislik.com\/en\/#website\",\"url\":\"https:\/\/www.bkymuhendislik.com\/en\/\",\"name\":\"BKY Engineering\",\"description\":\"Eng\u0131neer\u0131ng &amp; Supply - Construct\u0131on \u2013 Manufactur\u0131ng\",\"potentialAction\":[{\"@type\":\"SearchAction\",\"target\":{\"@type\":\"EntryPoint\",\"urlTemplate\":\"https:\/\/www.bkymuhendislik.com\/en\/?s={search_term_string}\"},\"query-input\":\"required name=search_term_string\"}],\"inLanguage\":\"tr\"}]}<\/script>\n<!-- \/ Yoast SEO plugin. -->","yoast_head_json":{"title":"Quality Policy - BKY Engineering","robots":{"index":"index","follow":"follow","max-snippet":"max-snippet:-1","max-image-preview":"max-image-preview:large","max-video-preview":"max-video-preview:-1"},"canonical":"https:\/\/www.bkymuhendislik.com\/en\/quality-policy\/","og_locale":"tr_TR","og_type":"article","og_title":"Quality Policy - BKY Engineering","og_description":"G\u00fcn\u00fcm\u00fcz \u015fartlar\u0131nda her t\u00fcrl\u00fc teknolojiyi kullanarak, taahh\u00fct etti\u011fimiz i\u015fleri zaman\u0131nda ve projelerine uygun olarak ger\u00e7ekle\u015ftirmeyi,\u00a0 Bir defada do\u011fru yaparak maliyetleri d\u00fc\u015f\u00fcrmeyi ve firmam\u0131z\u0131n rekabet g\u00fcc\u00fcn\u00fc artt\u0131rmay\u0131, T\u00fcm faaliyetlerimizde kalite y\u00f6netim sistemini etkin uygulayarak s\u00fcrekli iyile\u015ftirmeyi, \u0130lgili taraflar\u0131n ve payda\u015flar\u0131n uygulanabilir ihtiya\u00e7, beklenti ve \u015fartlar\u0131n\u0131 yerine getirmeyi, Kalitenin m\u00fc\u015fteri odakl\u0131 oldu\u011fu bilincini \u00e7al\u0131\u015fanlar\u0131na a\u015f\u0131layarak, m\u00fc\u015fteri taleplerini [&hellip;]","og_url":"https:\/\/www.bkymuhendislik.com\/en\/quality-policy\/","og_site_name":"BKY Engineering","article_modified_time":"2024-05-30T20:32:07+00:00","og_image":[{"url":"https:\/\/www.bkymuhendislik.com\/en\/wp-content\/uploads\/2024\/05\/bkymuhendislik_kalite_politikasi-1024x576.webp"}],"twitter_card":"summary_large_image","twitter_misc":{"Tahmini okuma s\u00fcresi":"1 dakika"},"schema":{"@context":"https:\/\/schema.org","@graph":[{"@type":"WebPage","@id":"https:\/\/www.bkymuhendislik.com\/en\/quality-policy\/","url":"https:\/\/www.bkymuhendislik.com\/en\/quality-policy\/","name":"Quality Policy - BKY Engineering","isPartOf":{"@id":"https:\/\/www.bkymuhendislik.com\/en\/#website"},"primaryImageOfPage":{"@id":"https:\/\/www.bkymuhendislik.com\/en\/quality-policy\/#primaryimage"},"image":{"@id":"https:\/\/www.bkymuhendislik.com\/en\/quality-policy\/#primaryimage"},"thumbnailUrl":"https:\/\/www.bkymuhendislik.com\/en\/wp-content\/uploads\/2024\/05\/bkymuhendislik_kalite_politikasi-1024x576.webp","datePublished":"2024-05-30T20:27:58+00:00","dateModified":"2024-05-30T20:32:07+00:00","breadcrumb":{"@id":"https:\/\/www.bkymuhendislik.com\/en\/quality-policy\/#breadcrumb"},"inLanguage":"tr","potentialAction":[{"@type":"ReadAction","target":["https:\/\/www.bkymuhendislik.com\/en\/quality-policy\/"]}]},{"@type":"ImageObject","inLanguage":"tr","@id":"https:\/\/www.bkymuhendislik.com\/en\/quality-policy\/#primaryimage","url":"https:\/\/www.bkymuhendislik.com\/en\/wp-content\/uploads\/2024\/05\/bkymuhendislik_kalite_politikasi.webp","contentUrl":"https:\/\/www.bkymuhendislik.com\/en\/wp-content\/uploads\/2024\/05\/bkymuhendislik_kalite_politikasi.webp","width":1920,"height":1080},{"@type":"BreadcrumbList","@id":"https:\/\/www.bkymuhendislik.com\/en\/quality-policy\/#breadcrumb","itemListElement":[{"@type":"ListItem","position":1,"name":"Anasayfa","item":"https:\/\/www.bkymuhendislik.com\/en\/"},{"@type":"ListItem","position":2,"name":"Quality Policy"}]},{"@type":"WebSite","@id":"https:\/\/www.bkymuhendislik.com\/en\/#website","url":"https:\/\/www.bkymuhendislik.com\/en\/","name":"BKY Engineering","description":"Eng\u0131neer\u0131ng &amp; Supply - Construct\u0131on \u2013 Manufactur\u0131ng","potentialAction":[{"@type":"SearchAction","target":{"@type":"EntryPoint","urlTemplate":"https:\/\/www.bkymuhendislik.com\/en\/?s={search_term_string}"},"query-input":"required name=search_term_string"}],"inLanguage":"tr"}]}},"_links":{"self":[{"href":"https:\/\/www.bkymuhendislik.com\/en\/wp-json\/wp\/v2\/pages\/688","targetHints":{"allow":["GET"]}}],"collection":[{"href":"https:\/\/www.bkymuhendislik.com\/en\/wp-json\/wp\/v2\/pages"}],"about":[{"href":"https:\/\/www.bkymuhendislik.com\/en\/wp-json\/wp\/v2\/types\/page"}],"author":[{"embeddable":true,"href":"https:\/\/www.bkymuhendislik.com\/en\/wp-json\/wp\/v2\/users\/1"}],"replies":[{"embeddable":true,"href":"https:\/\/www.bkymuhendislik.com\/en\/wp-json\/wp\/v2\/comments?post=688"}],"version-history":[{"count":1,"href":"https:\/\/www.bkymuhendislik.com\/en\/wp-json\/wp\/v2\/pages\/688\/revisions"}],"predecessor-version":[{"id":696,"href":"https:\/\/www.bkymuhendislik.com\/en\/wp-json\/wp\/v2\/pages\/688\/revisions\/696"}],"wp:attachment":[{"href":"https:\/\/www.bkymuhendislik.com\/en\/wp-json\/wp\/v2\/media?parent=688"}],"curies":[{"name":"wp","href":"https:\/\/api.w.org\/{rel}","templated":true}]}}