{"id":684,"date":"2024-05-30T23:23:23","date_gmt":"2024-05-30T20:23:23","guid":{"rendered":"https:\/\/www.bkymuhendislik.com\/en\/?page_id=684"},"modified":"2024-05-30T23:25:24","modified_gmt":"2024-05-30T20:25:24","slug":"quality-and-hse","status":"publish","type":"page","link":"https:\/\/www.bkymuhendislik.com\/en\/quality-and-hse\/","title":{"rendered":"Quality and HSE"},"content":{"rendered":"\n<figure class=\"wp-block-image size-large\"><img loading=\"lazy\" decoding=\"async\" width=\"1024\" height=\"442\" src=\"https:\/\/www.bkymuhendislik.com\/en\/wp-content\/uploads\/2024\/05\/K\u2500\u2592rm\u2500\u2592z\u2500\u2592-Zemin@300x-100-1024x442.jpg\" alt=\"\" class=\"wp-image-674\" srcset=\"https:\/\/www.bkymuhendislik.com\/en\/wp-content\/uploads\/2024\/05\/K\u2500\u2592rm\u2500\u2592z\u2500\u2592-Zemin@300x-100-1024x442.jpg 1024w, https:\/\/www.bkymuhendislik.com\/en\/wp-content\/uploads\/2024\/05\/K\u2500\u2592rm\u2500\u2592z\u2500\u2592-Zemin@300x-100-300x129.jpg 300w, https:\/\/www.bkymuhendislik.com\/en\/wp-content\/uploads\/2024\/05\/K\u2500\u2592rm\u2500\u2592z\u2500\u2592-Zemin@300x-100-768x331.jpg 768w, https:\/\/www.bkymuhendislik.com\/en\/wp-content\/uploads\/2024\/05\/K\u2500\u2592rm\u2500\u2592z\u2500\u2592-Zemin@300x-100-1536x662.jpg 1536w, https:\/\/www.bkymuhendislik.com\/en\/wp-content\/uploads\/2024\/05\/K\u2500\u2592rm\u2500\u2592z\u2500\u2592-Zemin@300x-100-2048x883.jpg 2048w\" sizes=\"auto, (max-width: 1024px) 100vw, 1024px\" \/><\/figure>\n\n\n\n<div class=\"wp-block-columns is-layout-flex wp-container-core-columns-is-layout-9d6595d7 wp-block-columns-is-layout-flex\">\n<div class=\"wp-block-column is-layout-flow wp-block-column-is-layout-flow\" style=\"flex-basis:50%\"><a class=\"safirButton\" href=https:\/\/www.bkymuhendislik.com\/kalite-politikasi\/ rel=external>\n\t<span class=\"safiricon icon\"><svg class=\"safiricon-bayrak\"><use href=\"#safiricon-bayrak\"><\/use><\/svg><\/span>\t<div class=\"text\">Quality Policy<\/div>\n<\/a><\/div>\n\n\n\n<div class=\"wp-block-column is-layout-flow wp-block-column-is-layout-flow\" style=\"flex-basis:50%\"><a class=\"safirButton\" href=https:\/\/www.bkymuhendislik.com\/kalite-sistemi\/ rel=external>\n\t<span class=\"safiricon icon\"><svg class=\"safiricon-bayrak\"><use href=\"#safiricon-bayrak\"><\/use><\/svg><\/span>\t<div class=\"text\">Quality System<\/div>\n<\/a><\/div>\n<\/div>\n\n\n\n<div class=\"wp-block-columns is-layout-flex wp-container-core-columns-is-layout-9d6595d7 wp-block-columns-is-layout-flex\">\n<div class=\"wp-block-column is-layout-flow wp-block-column-is-layout-flow\" style=\"flex-basis:50%\"><a class=\"safirButton\" href=https:\/\/www.bkymuhendislik.com\/dokumantasyon\/ rel=external>\n\t<span class=\"safiricon icon\"><svg class=\"safiricon-bayrak\"><use href=\"#safiricon-bayrak\"><\/use><\/svg><\/span>\t<div class=\"text\">Documentation<\/div>\n<\/a><\/div>\n\n\n\n<div class=\"wp-block-column is-layout-flow wp-block-column-is-layout-flow\" style=\"flex-basis:50%\"><a class=\"safirButton\" href=https:\/\/www.bkymuhendislik.com\/sertifikalarimiz\/ rel=external>\n\t<span class=\"safiricon icon\"><svg class=\"safiricon-bayrak\"><use href=\"#safiricon-bayrak\"><\/use><\/svg><\/span>\t<div class=\"text\">Our Certificates<\/div>\n<\/a><\/div>\n<\/div>\n\n\n\n<div class=\"wp-block-columns is-layout-flex wp-container-core-columns-is-layout-9d6595d7 wp-block-columns-is-layout-flex\">\n<div class=\"wp-block-column is-layout-flow wp-block-column-is-layout-flow\" style=\"flex-basis:50%\"><a class=\"safirButton\" href=https:\/\/www.bkymuhendislik.com\/is-guvenligi-politikasi\/ rel=external>\n\t<span class=\"safiricon icon\"><svg class=\"safiricon-bayrak\"><use href=\"#safiricon-bayrak\"><\/use><\/svg><\/span>\t<div class=\"text\">Occupational Safety Policy<\/div>\n<\/a><\/div>\n\n\n\n<div class=\"wp-block-column is-layout-flow wp-block-column-is-layout-flow\" style=\"flex-basis:50%\"><a class=\"safirButton\" href=https:\/\/www.bkymuhendislik.com\/cevre-politikasi\/ rel=external>\n\t<span class=\"safiricon icon\"><svg class=\"safiricon-bayrak\"><use href=\"#safiricon-bayrak\"><\/use><\/svg><\/span>\t<div class=\"text\">Environmental Policy<\/div>\n<\/a><\/div>\n<\/div>\n\n\n<a class=\"safirButton\" href=https:\/\/www.bkymuhendislik.com\/kurumsal-sosyal-sorumluluk-politikasi\/ rel=external>\n\t<span class=\"safiricon icon\"><svg class=\"safiricon-bayrak\"><use href=\"#safiricon-bayrak\"><\/use><\/svg><\/span>\t<div class=\"text\">Corporate Social Responsibility Policy<\/div>\n<\/a>","protected":false},"excerpt":{"rendered":"","protected":false},"author":1,"featured_media":0,"parent":0,"menu_order":0,"comment_status":"closed","ping_status":"closed","template":"","meta":{"footnotes":""},"class_list":["post-684","page","type-page","status-publish","hentry"],"yoast_head":"<!-- This site is optimized with the Yoast SEO plugin v22.8 - https:\/\/yoast.com\/wordpress\/plugins\/seo\/ -->\n<title>Quality and HSE - BKY Engineering<\/title>\n<meta name=\"robots\" content=\"index, follow, max-snippet:-1, max-image-preview:large, max-video-preview:-1\" \/>\n<link rel=\"canonical\" href=\"https:\/\/www.bkymuhendislik.com\/en\/quality-and-hse\/\" \/>\n<meta property=\"og:locale\" content=\"tr_TR\" \/>\n<meta property=\"og:type\" content=\"article\" \/>\n<meta property=\"og:title\" content=\"Quality and HSE - BKY Engineering\" \/>\n<meta property=\"og:url\" content=\"https:\/\/www.bkymuhendislik.com\/en\/quality-and-hse\/\" \/>\n<meta property=\"og:site_name\" content=\"BKY Engineering\" \/>\n<meta property=\"article:modified_time\" content=\"2024-05-30T20:25:24+00:00\" \/>\n<meta name=\"twitter:card\" content=\"summary_large_image\" \/>\n<meta name=\"twitter:label1\" content=\"Tahmini okuma s\u00fcresi\" \/>\n\t<meta name=\"twitter:data1\" content=\"1 dakika\" \/>\n<script type=\"application\/ld+json\" class=\"yoast-schema-graph\">{\"@context\":\"https:\/\/schema.org\",\"@graph\":[{\"@type\":\"WebPage\",\"@id\":\"https:\/\/www.bkymuhendislik.com\/en\/quality-and-hse\/\",\"url\":\"https:\/\/www.bkymuhendislik.com\/en\/quality-and-hse\/\",\"name\":\"Quality and HSE - BKY Engineering\",\"isPartOf\":{\"@id\":\"https:\/\/www.bkymuhendislik.com\/en\/#website\"},\"datePublished\":\"2024-05-30T20:23:23+00:00\",\"dateModified\":\"2024-05-30T20:25:24+00:00\",\"breadcrumb\":{\"@id\":\"https:\/\/www.bkymuhendislik.com\/en\/quality-and-hse\/#breadcrumb\"},\"inLanguage\":\"tr\",\"potentialAction\":[{\"@type\":\"ReadAction\",\"target\":[\"https:\/\/www.bkymuhendislik.com\/en\/quality-and-hse\/\"]}]},{\"@type\":\"BreadcrumbList\",\"@id\":\"https:\/\/www.bkymuhendislik.com\/en\/quality-and-hse\/#breadcrumb\",\"itemListElement\":[{\"@type\":\"ListItem\",\"position\":1,\"name\":\"Anasayfa\",\"item\":\"https:\/\/www.bkymuhendislik.com\/en\/\"},{\"@type\":\"ListItem\",\"position\":2,\"name\":\"Quality and HSE\"}]},{\"@type\":\"WebSite\",\"@id\":\"https:\/\/www.bkymuhendislik.com\/en\/#website\",\"url\":\"https:\/\/www.bkymuhendislik.com\/en\/\",\"name\":\"BKY Engineering\",\"description\":\"Eng\u0131neer\u0131ng &amp; Supply - Construct\u0131on \u2013 Manufactur\u0131ng\",\"potentialAction\":[{\"@type\":\"SearchAction\",\"target\":{\"@type\":\"EntryPoint\",\"urlTemplate\":\"https:\/\/www.bkymuhendislik.com\/en\/?s={search_term_string}\"},\"query-input\":\"required name=search_term_string\"}],\"inLanguage\":\"tr\"}]}<\/script>\n<!-- \/ Yoast SEO plugin. -->","yoast_head_json":{"title":"Quality and HSE - BKY Engineering","robots":{"index":"index","follow":"follow","max-snippet":"max-snippet:-1","max-image-preview":"max-image-preview:large","max-video-preview":"max-video-preview:-1"},"canonical":"https:\/\/www.bkymuhendislik.com\/en\/quality-and-hse\/","og_locale":"tr_TR","og_type":"article","og_title":"Quality and HSE - BKY Engineering","og_url":"https:\/\/www.bkymuhendislik.com\/en\/quality-and-hse\/","og_site_name":"BKY Engineering","article_modified_time":"2024-05-30T20:25:24+00:00","twitter_card":"summary_large_image","twitter_misc":{"Tahmini okuma s\u00fcresi":"1 dakika"},"schema":{"@context":"https:\/\/schema.org","@graph":[{"@type":"WebPage","@id":"https:\/\/www.bkymuhendislik.com\/en\/quality-and-hse\/","url":"https:\/\/www.bkymuhendislik.com\/en\/quality-and-hse\/","name":"Quality and HSE - BKY Engineering","isPartOf":{"@id":"https:\/\/www.bkymuhendislik.com\/en\/#website"},"datePublished":"2024-05-30T20:23:23+00:00","dateModified":"2024-05-30T20:25:24+00:00","breadcrumb":{"@id":"https:\/\/www.bkymuhendislik.com\/en\/quality-and-hse\/#breadcrumb"},"inLanguage":"tr","potentialAction":[{"@type":"ReadAction","target":["https:\/\/www.bkymuhendislik.com\/en\/quality-and-hse\/"]}]},{"@type":"BreadcrumbList","@id":"https:\/\/www.bkymuhendislik.com\/en\/quality-and-hse\/#breadcrumb","itemListElement":[{"@type":"ListItem","position":1,"name":"Anasayfa","item":"https:\/\/www.bkymuhendislik.com\/en\/"},{"@type":"ListItem","position":2,"name":"Quality and HSE"}]},{"@type":"WebSite","@id":"https:\/\/www.bkymuhendislik.com\/en\/#website","url":"https:\/\/www.bkymuhendislik.com\/en\/","name":"BKY Engineering","description":"Eng\u0131neer\u0131ng &amp; Supply - Construct\u0131on \u2013 Manufactur\u0131ng","potentialAction":[{"@type":"SearchAction","target":{"@type":"EntryPoint","urlTemplate":"https:\/\/www.bkymuhendislik.com\/en\/?s={search_term_string}"},"query-input":"required name=search_term_string"}],"inLanguage":"tr"}]}},"_links":{"self":[{"href":"https:\/\/www.bkymuhendislik.com\/en\/wp-json\/wp\/v2\/pages\/684","targetHints":{"allow":["GET"]}}],"collection":[{"href":"https:\/\/www.bkymuhendislik.com\/en\/wp-json\/wp\/v2\/pages"}],"about":[{"href":"https:\/\/www.bkymuhendislik.com\/en\/wp-json\/wp\/v2\/types\/page"}],"author":[{"embeddable":true,"href":"https:\/\/www.bkymuhendislik.com\/en\/wp-json\/wp\/v2\/users\/1"}],"replies":[{"embeddable":true,"href":"https:\/\/www.bkymuhendislik.com\/en\/wp-json\/wp\/v2\/comments?post=684"}],"version-history":[{"count":2,"href":"https:\/\/www.bkymuhendislik.com\/en\/wp-json\/wp\/v2\/pages\/684\/revisions"}],"predecessor-version":[{"id":687,"href":"https:\/\/www.bkymuhendislik.com\/en\/wp-json\/wp\/v2\/pages\/684\/revisions\/687"}],"wp:attachment":[{"href":"https:\/\/www.bkymuhendislik.com\/en\/wp-json\/wp\/v2\/media?parent=684"}],"curies":[{"name":"wp","href":"https:\/\/api.w.org\/{rel}","templated":true}]}}