{"id":680,"date":"2024-05-30T23:16:53","date_gmt":"2024-05-30T20:16:53","guid":{"rendered":"https:\/\/www.bkymuhendislik.com\/en\/?page_id=680"},"modified":"2024-05-30T23:16:54","modified_gmt":"2024-05-30T20:16:54","slug":"fields-of-activity","status":"publish","type":"page","link":"https:\/\/www.bkymuhendislik.com\/en\/fields-of-activity\/","title":{"rendered":"Fields of Activity"},"content":{"rendered":"<div class=\"singleHeading\">\n\t<div class=\"inner\">\n\t\t<span class=\"safiricon icon\"><svg class=\"safiricon-tamir\"><use href=\"#safiricon-tamir\"><\/use><\/svg><\/span>\t\t<h2 class=\"text\">ENGINEERING &#038; SUPPLY &#8211; CONSTRUCTION &#8211; MANUFACTURING<\/h2>\n\t<\/div>\n<\/div>\n\n\n<div class=\"safir-list\" data-col=\"2\"><ul class=\"wp-block-list\">\n<li><strong>INDUSTRIAL FACILITIES<\/strong><\/li>\n\n\n\n<li><strong>STATIC PROJECT<\/strong><\/li>\n\n\n\n<li><strong>PARTICLEBOARD &amp; MDF FACILITIES<\/strong><\/li>\n\n\n\n<li><strong>STRUCTURAL STEEL CONSTRUCTION PRODUCTION<\/strong><\/li>\n<\/ul><\/div>\n\n\n\n<div class=\"safir-list\" data-col=\"2\"><ul class=\"wp-block-list\">\n<li><strong><strong>BRIDGE REINFORCEMENT MECHANICAL INSTALLATION WORKS<\/strong><\/strong><\/li>\n\n\n\n<li><strong><strong>OIL GAS ENERGY FACILITIES<\/strong><\/strong><\/li>\n\n\n\n<li><strong><strong>K\u0130MYA PETRO K\u0130MYA TES\u0130SLER\u0130<\/strong><\/strong><\/li>\n\n\n\n<li><strong><strong>CHEMISTRY PETROCHEMICAL FACILITIES<\/strong><\/strong><\/li>\n<\/ul><\/div>\n\n\n\n<div class=\"safir-list\" data-col=\"2\"><ul class=\"wp-block-list\">\n<li><strong><strong><strong>OIL PLANTS<\/strong><\/strong><\/strong><\/li>\n\n\n\n<li><strong><strong><strong>MECHANICAL INSTALLATION AND FACTORY INSTALLATION WORKS<\/strong><\/strong><\/strong><\/li>\n\n\n\n<li><strong><strong><strong>ROOFING SYSTEMS AND COVERING WORKS<\/strong><\/strong><\/strong><\/li>\n\n\n\n<li><strong><strong><strong>CRANE RENTAL SERVICES<\/strong><\/strong><\/strong><\/li>\n<\/ul><\/div>\n\n\n\n<p>BKY , genel anlamda end\u00fcstriyel tesis montaj\u0131 yapmakta ve bu kapsamda gerekli olabilecek her nevi ekipman\u0131n \u00fcretimine y\u00f6nelik faaliyetlerde bulunmaktad\u0131r. Dizayn, imalat, montaj, enstr\u00fcmantasyon, borulama, izolasyon, elektrik tesisat\u0131, otomasyon, performans testlerinin ger\u00e7ekle\u015ftirilmesi ve devreye alma BKY&#8217;N\u0130N anahtar teslim taahh\u00fctlerinin kapsam\u0131 i\u00e7inde yer almaktad\u0131r.<\/p>\n","protected":false},"excerpt":{"rendered":"<p>BKY , genel anlamda end\u00fcstriyel tesis montaj\u0131 yapmakta ve bu kapsamda gerekli olabilecek her nevi ekipman\u0131n \u00fcretimine y\u00f6nelik faaliyetlerde bulunmaktad\u0131r. Dizayn, imalat, montaj, enstr\u00fcmantasyon, borulama, izolasyon, elektrik tesisat\u0131, otomasyon, performans testlerinin ger\u00e7ekle\u015ftirilmesi ve devreye alma BKY&#8217;N\u0130N anahtar teslim taahh\u00fctlerinin kapsam\u0131 i\u00e7inde yer almaktad\u0131r.<\/p>\n","protected":false},"author":1,"featured_media":0,"parent":0,"menu_order":0,"comment_status":"closed","ping_status":"closed","template":"","meta":{"footnotes":""},"class_list":["post-680","page","type-page","status-publish","hentry"],"yoast_head":"<!-- This site is optimized with the Yoast SEO plugin v22.8 - https:\/\/yoast.com\/wordpress\/plugins\/seo\/ -->\n<title>Fields of Activity - BKY Engineering<\/title>\n<meta name=\"robots\" content=\"index, follow, max-snippet:-1, max-image-preview:large, max-video-preview:-1\" \/>\n<link rel=\"canonical\" href=\"https:\/\/www.bkymuhendislik.com\/en\/fields-of-activity\/\" \/>\n<meta property=\"og:locale\" content=\"tr_TR\" \/>\n<meta property=\"og:type\" content=\"article\" \/>\n<meta property=\"og:title\" content=\"Fields of Activity - BKY Engineering\" \/>\n<meta property=\"og:description\" content=\"BKY , genel anlamda end\u00fcstriyel tesis montaj\u0131 yapmakta ve bu kapsamda gerekli olabilecek her nevi ekipman\u0131n \u00fcretimine y\u00f6nelik faaliyetlerde bulunmaktad\u0131r. Dizayn, imalat, montaj, enstr\u00fcmantasyon, borulama, izolasyon, elektrik tesisat\u0131, otomasyon, performans testlerinin ger\u00e7ekle\u015ftirilmesi ve devreye alma BKY&#8217;N\u0130N anahtar teslim taahh\u00fctlerinin kapsam\u0131 i\u00e7inde yer almaktad\u0131r.\" \/>\n<meta property=\"og:url\" content=\"https:\/\/www.bkymuhendislik.com\/en\/fields-of-activity\/\" \/>\n<meta property=\"og:site_name\" content=\"BKY Engineering\" \/>\n<meta property=\"article:modified_time\" content=\"2024-05-30T20:16:54+00:00\" \/>\n<meta name=\"twitter:card\" content=\"summary_large_image\" \/>\n<meta name=\"twitter:label1\" content=\"Tahmini okuma s\u00fcresi\" \/>\n\t<meta name=\"twitter:data1\" content=\"1 dakika\" \/>\n<script type=\"application\/ld+json\" class=\"yoast-schema-graph\">{\"@context\":\"https:\/\/schema.org\",\"@graph\":[{\"@type\":\"WebPage\",\"@id\":\"https:\/\/www.bkymuhendislik.com\/en\/fields-of-activity\/\",\"url\":\"https:\/\/www.bkymuhendislik.com\/en\/fields-of-activity\/\",\"name\":\"Fields of Activity - BKY Engineering\",\"isPartOf\":{\"@id\":\"https:\/\/www.bkymuhendislik.com\/en\/#website\"},\"datePublished\":\"2024-05-30T20:16:53+00:00\",\"dateModified\":\"2024-05-30T20:16:54+00:00\",\"breadcrumb\":{\"@id\":\"https:\/\/www.bkymuhendislik.com\/en\/fields-of-activity\/#breadcrumb\"},\"inLanguage\":\"tr\",\"potentialAction\":[{\"@type\":\"ReadAction\",\"target\":[\"https:\/\/www.bkymuhendislik.com\/en\/fields-of-activity\/\"]}]},{\"@type\":\"BreadcrumbList\",\"@id\":\"https:\/\/www.bkymuhendislik.com\/en\/fields-of-activity\/#breadcrumb\",\"itemListElement\":[{\"@type\":\"ListItem\",\"position\":1,\"name\":\"Anasayfa\",\"item\":\"https:\/\/www.bkymuhendislik.com\/en\/\"},{\"@type\":\"ListItem\",\"position\":2,\"name\":\"Fields of Activity\"}]},{\"@type\":\"WebSite\",\"@id\":\"https:\/\/www.bkymuhendislik.com\/en\/#website\",\"url\":\"https:\/\/www.bkymuhendislik.com\/en\/\",\"name\":\"BKY Engineering\",\"description\":\"Eng\u0131neer\u0131ng &amp; Supply - Construct\u0131on \u2013 Manufactur\u0131ng\",\"potentialAction\":[{\"@type\":\"SearchAction\",\"target\":{\"@type\":\"EntryPoint\",\"urlTemplate\":\"https:\/\/www.bkymuhendislik.com\/en\/?s={search_term_string}\"},\"query-input\":\"required name=search_term_string\"}],\"inLanguage\":\"tr\"}]}<\/script>\n<!-- \/ Yoast SEO plugin. -->","yoast_head_json":{"title":"Fields of Activity - BKY Engineering","robots":{"index":"index","follow":"follow","max-snippet":"max-snippet:-1","max-image-preview":"max-image-preview:large","max-video-preview":"max-video-preview:-1"},"canonical":"https:\/\/www.bkymuhendislik.com\/en\/fields-of-activity\/","og_locale":"tr_TR","og_type":"article","og_title":"Fields of Activity - BKY Engineering","og_description":"BKY , genel anlamda end\u00fcstriyel tesis montaj\u0131 yapmakta ve bu kapsamda gerekli olabilecek her nevi ekipman\u0131n \u00fcretimine y\u00f6nelik faaliyetlerde bulunmaktad\u0131r. Dizayn, imalat, montaj, enstr\u00fcmantasyon, borulama, izolasyon, elektrik tesisat\u0131, otomasyon, performans testlerinin ger\u00e7ekle\u015ftirilmesi ve devreye alma BKY&#8217;N\u0130N anahtar teslim taahh\u00fctlerinin kapsam\u0131 i\u00e7inde yer almaktad\u0131r.","og_url":"https:\/\/www.bkymuhendislik.com\/en\/fields-of-activity\/","og_site_name":"BKY Engineering","article_modified_time":"2024-05-30T20:16:54+00:00","twitter_card":"summary_large_image","twitter_misc":{"Tahmini okuma s\u00fcresi":"1 dakika"},"schema":{"@context":"https:\/\/schema.org","@graph":[{"@type":"WebPage","@id":"https:\/\/www.bkymuhendislik.com\/en\/fields-of-activity\/","url":"https:\/\/www.bkymuhendislik.com\/en\/fields-of-activity\/","name":"Fields of Activity - BKY Engineering","isPartOf":{"@id":"https:\/\/www.bkymuhendislik.com\/en\/#website"},"datePublished":"2024-05-30T20:16:53+00:00","dateModified":"2024-05-30T20:16:54+00:00","breadcrumb":{"@id":"https:\/\/www.bkymuhendislik.com\/en\/fields-of-activity\/#breadcrumb"},"inLanguage":"tr","potentialAction":[{"@type":"ReadAction","target":["https:\/\/www.bkymuhendislik.com\/en\/fields-of-activity\/"]}]},{"@type":"BreadcrumbList","@id":"https:\/\/www.bkymuhendislik.com\/en\/fields-of-activity\/#breadcrumb","itemListElement":[{"@type":"ListItem","position":1,"name":"Anasayfa","item":"https:\/\/www.bkymuhendislik.com\/en\/"},{"@type":"ListItem","position":2,"name":"Fields of Activity"}]},{"@type":"WebSite","@id":"https:\/\/www.bkymuhendislik.com\/en\/#website","url":"https:\/\/www.bkymuhendislik.com\/en\/","name":"BKY Engineering","description":"Eng\u0131neer\u0131ng &amp; Supply - Construct\u0131on \u2013 Manufactur\u0131ng","potentialAction":[{"@type":"SearchAction","target":{"@type":"EntryPoint","urlTemplate":"https:\/\/www.bkymuhendislik.com\/en\/?s={search_term_string}"},"query-input":"required name=search_term_string"}],"inLanguage":"tr"}]}},"_links":{"self":[{"href":"https:\/\/www.bkymuhendislik.com\/en\/wp-json\/wp\/v2\/pages\/680","targetHints":{"allow":["GET"]}}],"collection":[{"href":"https:\/\/www.bkymuhendislik.com\/en\/wp-json\/wp\/v2\/pages"}],"about":[{"href":"https:\/\/www.bkymuhendislik.com\/en\/wp-json\/wp\/v2\/types\/page"}],"author":[{"embeddable":true,"href":"https:\/\/www.bkymuhendislik.com\/en\/wp-json\/wp\/v2\/users\/1"}],"replies":[{"embeddable":true,"href":"https:\/\/www.bkymuhendislik.com\/en\/wp-json\/wp\/v2\/comments?post=680"}],"version-history":[{"count":1,"href":"https:\/\/www.bkymuhendislik.com\/en\/wp-json\/wp\/v2\/pages\/680\/revisions"}],"predecessor-version":[{"id":682,"href":"https:\/\/www.bkymuhendislik.com\/en\/wp-json\/wp\/v2\/pages\/680\/revisions\/682"}],"wp:attachment":[{"href":"https:\/\/www.bkymuhendislik.com\/en\/wp-json\/wp\/v2\/media?parent=680"}],"curies":[{"name":"wp","href":"https:\/\/api.w.org\/{rel}","templated":true}]}}