{"id":673,"date":"2024-05-30T22:58:14","date_gmt":"2024-05-30T19:58:14","guid":{"rendered":"https:\/\/www.bkymuhendislik.com\/en\/?page_id=673"},"modified":"2024-08-06T14:03:13","modified_gmt":"2024-08-06T11:03:13","slug":"institutional","status":"publish","type":"page","link":"https:\/\/www.bkymuhendislik.com\/en\/institutional\/","title":{"rendered":"Institutional"},"content":{"rendered":"\n<figure class=\"wp-block-image size-large\"><img loading=\"lazy\" decoding=\"async\" width=\"1024\" height=\"442\" src=\"https:\/\/www.bkymuhendislik.com\/en\/wp-content\/uploads\/2024\/05\/K\u2500\u2592rm\u2500\u2592z\u2500\u2592-Zemin@300x-100-1024x442.jpg\" alt=\"\" class=\"wp-image-674\" srcset=\"https:\/\/www.bkymuhendislik.com\/en\/wp-content\/uploads\/2024\/05\/K\u2500\u2592rm\u2500\u2592z\u2500\u2592-Zemin@300x-100-1024x442.jpg 1024w, https:\/\/www.bkymuhendislik.com\/en\/wp-content\/uploads\/2024\/05\/K\u2500\u2592rm\u2500\u2592z\u2500\u2592-Zemin@300x-100-300x129.jpg 300w, https:\/\/www.bkymuhendislik.com\/en\/wp-content\/uploads\/2024\/05\/K\u2500\u2592rm\u2500\u2592z\u2500\u2592-Zemin@300x-100-768x331.jpg 768w, https:\/\/www.bkymuhendislik.com\/en\/wp-content\/uploads\/2024\/05\/K\u2500\u2592rm\u2500\u2592z\u2500\u2592-Zemin@300x-100-1536x662.jpg 1536w, https:\/\/www.bkymuhendislik.com\/en\/wp-content\/uploads\/2024\/05\/K\u2500\u2592rm\u2500\u2592z\u2500\u2592-Zemin@300x-100-2048x883.jpg 2048w\" sizes=\"auto, (max-width: 1024px) 100vw, 1024px\" \/><\/figure>\n\n\n<div class=\"singleHeading\">\n\t<div class=\"inner\">\n\t\t<span class=\"safiricon icon\"><svg class=\"safiricon-begen\"><use href=\"#safiricon-begen\"><\/use><\/svg><\/span>\t\t<h2 class=\"text\">About Us<\/h2>\n\t<\/div>\n<\/div>\n\n\n<p>BKY M\u00dcHEND\u0130SL\u0130K , sanayi tesislerinde kullan\u0131lan \u00c7elik konstr\u00fcksiyon \u00fcniteler ve proses ekipmanlar\u0131n m\u00fc\u015fteri ihtiya\u00e7lar\u0131na g\u00f6re tasar\u0131m\u0131n\u0131, imalat\u0131n\u0131 ve montaj\u0131n\u0131 yapmaktad\u0131r.&nbsp;Sanayi tesislerinde kullan\u0131lan Silolar, Depolama Tanklar\u0131, Siklon ve Borulama, \u00c7elik bina, Ta\u015f\u0131y\u0131c\u0131 konvey\u00f6r, kar\u0131\u015ft\u0131r\u0131c\u0131, Depolama tanklar\u0131, Kazan,&nbsp; F\u0131r\u0131n ekipmanlar\u0131, Konvey\u00f6r ve Elevat\u00f6r gibi ekipmanlar\u0131n&nbsp; imalatlar\u0131 ve M\u00fc\u015fteri sahas\u0131ndaki makine ve ekipmanlar\u0131 montaj i\u015fleri;&nbsp; BKY\u2019nin uzmanl\u0131k alan\u0131n\u0131 olu\u015fturmaktad\u0131r.<\/p>\n\n\n\n<p>2004 y\u0131l\u0131nda kuruldu\u011fu g\u00fcnden bug\u00fcne BKY, bir\u00e7ok sekt\u00f6rdeki binlerce m\u00fc\u015fterisine \u00fcr\u00fcn \/ hizmet sa\u011flayarak sekt\u00f6r\u00fcn\u00fcn \u00f6nc\u00fc firmalar\u0131ndan biri olmay\u0131 ba\u015farm\u0131\u015ft\u0131r. BKY \u00fcr\u00fcn\/hizmet sa\u011flad\u0131\u011f\u0131 sekt\u00f6rlerde m\u00fc\u015fteri ve memnuniyet odakl\u0131 \u00e7al\u0131\u015farak k\u00fcresel firmalar\u0131n takdirini kazanm\u0131\u015f ve aran\u0131lan bir firma konumuna gelmi\u015ftir. BKY\u2019nin faaliyette oldu\u011fu sekt\u00f6rler aras\u0131nda; Sunta &amp;mdf sekt\u00f6r\u00fc, petrol &amp; gaz ve enerji sekt\u00f6r\u00fc, kimya tesisleri, g\u0131da tesisleri, \u00e7elik k\u00f6pr\u00fc m\u00fcteahhitli\u011fi, ve metal tesisleri yer almaktad\u0131r.<\/p>\n\n\n\n<p>BKY \u00f6nce i\u015f g\u00fcvenli\u011fini ve beraberinde kaliteyi t\u00fcm kazan\u0131mlar\u0131n \u00f6n\u00fcnde tutmaktad\u0131r. BKY\u2019nin bu ba\u015far\u0131s\u0131n\u0131n k\u00f6k\u00fcnde, firma \u00e7al\u0131\u015fanlar\u0131n\u0131n her seferinde bir \u00f6ncekinden daha kaliteli imalat yapmay\u0131 ve m\u00fc\u015fteri memnuniyetini sa\u011flamay\u0131 hedeflemesi yatmaktad\u0131r.<\/p>\n\n\n<div class=\"descriptionbox\" style=\"background-image: url(http:\/\/www.bkymuhendislik.com\/wp-content\/uploads\/2023\/06\/slider1-2.jpg)\">\n\t<div class=\"inner\">\n\t\t<span class=\"safiricon icon\"><svg class=\"safiricon-tac\"><use href=\"#safiricon-tac\"><\/use><\/svg><\/span>\t\t<div class=\"detail\">\n\t\t\t<div class=\"header\">B\u00fcy\u00fck A\u00e7\u0131klama Kutusu<\/div>\n\t\t\t<div class=\"content\">\n<p class=\"wp-block-safirtema-bgtext content descriptionbox\">\u0130konlu ve arkaplanl\u0131 bir a\u00e7\u0131klama kutusu.<\/p>\n<\/div>\n\t\t<\/div>\n\t<\/div>\n<\/div>\n\n\n<a class=\"safirButton\" href=https:\/\/www.bkymuhendislik.com\/category\/projeler\/ rel=external>\n\t<span class=\"safiricon icon\"><svg class=\"safiricon-bayrak\"><use href=\"#safiricon-bayrak\"><\/use><\/svg><\/span>\t<div class=\"text\">Our Projects<\/div>\n<\/a>\n\n<a class=\"safirButton\" href=https:\/\/www.bkymuhendislik.com\/sertifikalarimiz\/ rel=external>\n\t<span class=\"safiricon icon\"><svg class=\"safiricon-copyright\"><use href=\"#safiricon-copyright\"><\/use><\/svg><\/span>\t<div class=\"text\">Our Certificates<\/div>\n<\/a>\n\n\n<div class=\"wp-block-columns is-layout-flex wp-container-core-columns-is-layout-9d6595d7 wp-block-columns-is-layout-flex\">\n<div class=\"wp-block-column is-layout-flow wp-block-column-is-layout-flow\" style=\"flex-basis:50%\"><div class=\"singleHeading\">\n\t<div class=\"inner\">\n\t\t<span class=\"safiricon icon\"><svg class=\"safiricon-lamba\"><use href=\"#safiricon-lamba\"><\/use><\/svg><\/span>\t\t<div class=\"text\">Our Mission<\/div>\n\t<\/div>\n<\/div>\n\n\n<p>Faaliyet g\u00f6sterdi\u011fimiz sekt\u00f6rlerin t\u00fcm proses dizayn taleplerine cevap verebilmek. Sekt\u00f6r\u00fcnde proses ekipman tedarik\u00e7ilerinden biri olmak. Kapasiteyi artt\u0131rarak daha fazla \u00fcretim, daha fazla istihdam ve daha fazla ihracat yapmak.<\/p>\n\n\n\n<p>M\u00fc\u015fteri ve \u00e7al\u0131\u015fan memnuniyetine odaklanarak, g\u00fcvenli ve yararl\u0131 i\u015fler ger\u00e7ekle\u015ftirerek, disiplinli, planl\u0131 ve metotlu \u00e7al\u0131\u015fma sistemi ile \u00fclkemizin geli\u015fimine katk\u0131 sa\u011flamakt\u0131r.<\/p>\n<\/div>\n\n\n\n<div class=\"wp-block-column is-layout-flow wp-block-column-is-layout-flow\" style=\"flex-basis:50%\"><div class=\"singleHeading\">\n\t<div class=\"inner\">\n\t\t<span class=\"safiricon icon\"><svg class=\"safiricon-lamba\"><use href=\"#safiricon-lamba\"><\/use><\/svg><\/span>\t\t<div class=\"text\">Our Mission<\/div>\n\t<\/div>\n<\/div>\n\n\n<p>Taahh\u00fcd\u00fcndeki t\u00fcm i\u015fleri kusursuz ger\u00e7ekle\u015ftiren, ilgili taraflar\u0131n memnuniyetini sa\u011flayan, sekt\u00f6r\u00fcnde lider bir kurulu\u015f olmak.<\/p>\n\n\n\n<p>Uluslararas\u0131 standartlar ve geli\u015fen teknolojiyi kullanarak do\u011fru tasar\u0131m, projelendirme, imalat, montaj, denetim ve m\u00fchendislik hizmetleri vererek \u00fclke istihdam\u0131na katk\u0131da bulunmak ve bug\u00fcnden daha iyi bir yar\u0131n olu\u015fturmakt\u0131r.<\/p>\n<\/div>\n<\/div>\n\n\n\n<div class=\"wp-block-columns is-layout-flex wp-container-core-columns-is-layout-9d6595d7 wp-block-columns-is-layout-flex\">\n<div class=\"wp-block-column is-layout-flow wp-block-column-is-layout-flow\" style=\"flex-basis:50%\"><\/div>\n\n\n\n<div class=\"wp-block-column is-layout-flow wp-block-column-is-layout-flow\" style=\"flex-basis:50%\"><\/div>\n<\/div>\n\n\n<div class=\"singleHeading\">\n\t<div class=\"inner\">\n\t\t<span class=\"safiricon icon\"><svg class=\"safiricon-paylas\"><use href=\"#safiricon-paylas\"><\/use><\/svg><\/span>\t\t<div class=\"text\">Our Social Media Accounts<\/div>\n\t<\/div>\n<\/div>\n\n\t\t<ul class=\"safirSocial\">\n\t\t\t<li class=\"facebook\"><a rel=\"external\" href=\"#\" title=\"Sitemizi Facebook \u00fczerinden takip edin\"><span class=\"themeicon icon\"><svg class=\"themeicon-facebook\"><use href=\"#themeicon-facebook\"><\/use><\/svg><\/span><\/a><\/li><li class=\"twitter\"><a rel=\"external\" href=\"#\" title=\"Sitemizi Twitter \u00fczerinden takip edin\"><span class=\"themeicon icon\"><svg class=\"themeicon-twitter\"><use href=\"#themeicon-twitter\"><\/use><\/svg><\/span><\/a><\/li><li class=\"instagram\"><a rel=\"external\" href=\"#\" title=\"Sitemizi Instagram \u00fczerinden takip edin\"><span class=\"themeicon icon\"><svg class=\"themeicon-instagram\"><use href=\"#themeicon-instagram\"><\/use><\/svg><\/span><\/a><\/li><li class=\"linkedin\"><a rel=\"external\" href=\"#\" title=\"Sitemizi Linkedin \u00fczerinden takip edin\"><span class=\"themeicon icon\"><svg class=\"themeicon-linkedin\"><use href=\"#themeicon-linkedin\"><\/use><\/svg><\/span><\/a><\/li><li class=\"youtube\"><a rel=\"external\" href=\"#\" title=\"Sitemizi Youtube \u00fczerinden takip edin\"><span class=\"themeicon icon\"><svg class=\"themeicon-youtube\"><use href=\"#themeicon-youtube\"><\/use><\/svg><\/span><\/a><\/li><li class=\"pinterest\"><a rel=\"external\" href=\"#\" title=\"Sitemizi Pinterest \u00fczerinden takip edin\"><span class=\"themeicon icon\"><svg class=\"themeicon-pinterest\"><use href=\"#themeicon-pinterest\"><\/use><\/svg><\/span><\/a><\/li><li class=\"whatsapp\"><a rel=\"external\" href=\"https:\/\/wa.me\/5334420349\" title=\"Sitemizi Whatsapp \u00fczerinden takip edin\"><span class=\"themeicon icon\"><svg class=\"themeicon-whatsapp\"><use href=\"#themeicon-whatsapp\"><\/use><\/svg><\/span><\/a><\/li>\t\t<\/ul>\n\t\t\n","protected":false},"excerpt":{"rendered":"<p>BKY M\u00dcHEND\u0130SL\u0130K , sanayi tesislerinde kullan\u0131lan \u00c7elik konstr\u00fcksiyon \u00fcniteler ve proses ekipmanlar\u0131n m\u00fc\u015fteri ihtiya\u00e7lar\u0131na g\u00f6re tasar\u0131m\u0131n\u0131, imalat\u0131n\u0131 ve montaj\u0131n\u0131 yapmaktad\u0131r.&nbsp;Sanayi tesislerinde kullan\u0131lan Silolar, Depolama Tanklar\u0131, Siklon ve Borulama, \u00c7elik bina, Ta\u015f\u0131y\u0131c\u0131 konvey\u00f6r, kar\u0131\u015ft\u0131r\u0131c\u0131, Depolama tanklar\u0131, Kazan,&nbsp; F\u0131r\u0131n ekipmanlar\u0131, Konvey\u00f6r ve Elevat\u00f6r gibi ekipmanlar\u0131n&nbsp; imalatlar\u0131 ve M\u00fc\u015fteri sahas\u0131ndaki makine ve ekipmanlar\u0131 montaj i\u015fleri;&nbsp; BKY\u2019nin uzmanl\u0131k alan\u0131n\u0131 [&hellip;]<\/p>\n","protected":false},"author":1,"featured_media":0,"parent":0,"menu_order":0,"comment_status":"closed","ping_status":"closed","template":"","meta":{"footnotes":""},"class_list":["post-673","page","type-page","status-publish","hentry"],"yoast_head":"<!-- This site is optimized with the Yoast SEO plugin v22.8 - https:\/\/yoast.com\/wordpress\/plugins\/seo\/ -->\n<title>Institutional - BKY Engineering<\/title>\n<meta name=\"robots\" content=\"index, follow, max-snippet:-1, max-image-preview:large, max-video-preview:-1\" \/>\n<link rel=\"canonical\" href=\"https:\/\/www.bkymuhendislik.com\/en\/institutional\/\" \/>\n<meta property=\"og:locale\" content=\"tr_TR\" \/>\n<meta property=\"og:type\" content=\"article\" \/>\n<meta property=\"og:title\" content=\"Institutional - BKY Engineering\" \/>\n<meta property=\"og:description\" content=\"BKY M\u00dcHEND\u0130SL\u0130K , sanayi tesislerinde kullan\u0131lan \u00c7elik konstr\u00fcksiyon \u00fcniteler ve proses ekipmanlar\u0131n m\u00fc\u015fteri ihtiya\u00e7lar\u0131na g\u00f6re tasar\u0131m\u0131n\u0131, imalat\u0131n\u0131 ve montaj\u0131n\u0131 yapmaktad\u0131r.&nbsp;Sanayi tesislerinde kullan\u0131lan Silolar, Depolama Tanklar\u0131, Siklon ve Borulama, \u00c7elik bina, Ta\u015f\u0131y\u0131c\u0131 konvey\u00f6r, kar\u0131\u015ft\u0131r\u0131c\u0131, Depolama tanklar\u0131, Kazan,&nbsp; F\u0131r\u0131n ekipmanlar\u0131, Konvey\u00f6r ve Elevat\u00f6r gibi ekipmanlar\u0131n&nbsp; imalatlar\u0131 ve M\u00fc\u015fteri sahas\u0131ndaki makine ve ekipmanlar\u0131 montaj i\u015fleri;&nbsp; BKY\u2019nin uzmanl\u0131k alan\u0131n\u0131 [&hellip;]\" \/>\n<meta property=\"og:url\" content=\"https:\/\/www.bkymuhendislik.com\/en\/institutional\/\" \/>\n<meta property=\"og:site_name\" content=\"BKY Engineering\" \/>\n<meta property=\"article:modified_time\" content=\"2024-08-06T11:03:13+00:00\" \/>\n<meta name=\"twitter:card\" content=\"summary_large_image\" \/>\n<meta name=\"twitter:label1\" content=\"Tahmini okuma s\u00fcresi\" \/>\n\t<meta name=\"twitter:data1\" content=\"2 dakika\" \/>\n<script type=\"application\/ld+json\" class=\"yoast-schema-graph\">{\"@context\":\"https:\/\/schema.org\",\"@graph\":[{\"@type\":\"WebPage\",\"@id\":\"https:\/\/www.bkymuhendislik.com\/en\/institutional\/\",\"url\":\"https:\/\/www.bkymuhendislik.com\/en\/institutional\/\",\"name\":\"Institutional - BKY Engineering\",\"isPartOf\":{\"@id\":\"https:\/\/www.bkymuhendislik.com\/en\/#website\"},\"datePublished\":\"2024-05-30T19:58:14+00:00\",\"dateModified\":\"2024-08-06T11:03:13+00:00\",\"breadcrumb\":{\"@id\":\"https:\/\/www.bkymuhendislik.com\/en\/institutional\/#breadcrumb\"},\"inLanguage\":\"tr\",\"potentialAction\":[{\"@type\":\"ReadAction\",\"target\":[\"https:\/\/www.bkymuhendislik.com\/en\/institutional\/\"]}]},{\"@type\":\"BreadcrumbList\",\"@id\":\"https:\/\/www.bkymuhendislik.com\/en\/institutional\/#breadcrumb\",\"itemListElement\":[{\"@type\":\"ListItem\",\"position\":1,\"name\":\"Anasayfa\",\"item\":\"https:\/\/www.bkymuhendislik.com\/en\/\"},{\"@type\":\"ListItem\",\"position\":2,\"name\":\"Institutional\"}]},{\"@type\":\"WebSite\",\"@id\":\"https:\/\/www.bkymuhendislik.com\/en\/#website\",\"url\":\"https:\/\/www.bkymuhendislik.com\/en\/\",\"name\":\"BKY Engineering\",\"description\":\"Eng\u0131neer\u0131ng &amp; Supply - Construct\u0131on \u2013 Manufactur\u0131ng\",\"potentialAction\":[{\"@type\":\"SearchAction\",\"target\":{\"@type\":\"EntryPoint\",\"urlTemplate\":\"https:\/\/www.bkymuhendislik.com\/en\/?s={search_term_string}\"},\"query-input\":\"required name=search_term_string\"}],\"inLanguage\":\"tr\"}]}<\/script>\n<!-- \/ Yoast SEO plugin. -->","yoast_head_json":{"title":"Institutional - BKY Engineering","robots":{"index":"index","follow":"follow","max-snippet":"max-snippet:-1","max-image-preview":"max-image-preview:large","max-video-preview":"max-video-preview:-1"},"canonical":"https:\/\/www.bkymuhendislik.com\/en\/institutional\/","og_locale":"tr_TR","og_type":"article","og_title":"Institutional - BKY Engineering","og_description":"BKY M\u00dcHEND\u0130SL\u0130K , sanayi tesislerinde kullan\u0131lan \u00c7elik konstr\u00fcksiyon \u00fcniteler ve proses ekipmanlar\u0131n m\u00fc\u015fteri ihtiya\u00e7lar\u0131na g\u00f6re tasar\u0131m\u0131n\u0131, imalat\u0131n\u0131 ve montaj\u0131n\u0131 yapmaktad\u0131r.&nbsp;Sanayi tesislerinde kullan\u0131lan Silolar, Depolama Tanklar\u0131, Siklon ve Borulama, \u00c7elik bina, Ta\u015f\u0131y\u0131c\u0131 konvey\u00f6r, kar\u0131\u015ft\u0131r\u0131c\u0131, Depolama tanklar\u0131, Kazan,&nbsp; F\u0131r\u0131n ekipmanlar\u0131, Konvey\u00f6r ve Elevat\u00f6r gibi ekipmanlar\u0131n&nbsp; imalatlar\u0131 ve M\u00fc\u015fteri sahas\u0131ndaki makine ve ekipmanlar\u0131 montaj i\u015fleri;&nbsp; BKY\u2019nin uzmanl\u0131k alan\u0131n\u0131 [&hellip;]","og_url":"https:\/\/www.bkymuhendislik.com\/en\/institutional\/","og_site_name":"BKY Engineering","article_modified_time":"2024-08-06T11:03:13+00:00","twitter_card":"summary_large_image","twitter_misc":{"Tahmini okuma s\u00fcresi":"2 dakika"},"schema":{"@context":"https:\/\/schema.org","@graph":[{"@type":"WebPage","@id":"https:\/\/www.bkymuhendislik.com\/en\/institutional\/","url":"https:\/\/www.bkymuhendislik.com\/en\/institutional\/","name":"Institutional - BKY Engineering","isPartOf":{"@id":"https:\/\/www.bkymuhendislik.com\/en\/#website"},"datePublished":"2024-05-30T19:58:14+00:00","dateModified":"2024-08-06T11:03:13+00:00","breadcrumb":{"@id":"https:\/\/www.bkymuhendislik.com\/en\/institutional\/#breadcrumb"},"inLanguage":"tr","potentialAction":[{"@type":"ReadAction","target":["https:\/\/www.bkymuhendislik.com\/en\/institutional\/"]}]},{"@type":"BreadcrumbList","@id":"https:\/\/www.bkymuhendislik.com\/en\/institutional\/#breadcrumb","itemListElement":[{"@type":"ListItem","position":1,"name":"Anasayfa","item":"https:\/\/www.bkymuhendislik.com\/en\/"},{"@type":"ListItem","position":2,"name":"Institutional"}]},{"@type":"WebSite","@id":"https:\/\/www.bkymuhendislik.com\/en\/#website","url":"https:\/\/www.bkymuhendislik.com\/en\/","name":"BKY Engineering","description":"Eng\u0131neer\u0131ng &amp; Supply - Construct\u0131on \u2013 Manufactur\u0131ng","potentialAction":[{"@type":"SearchAction","target":{"@type":"EntryPoint","urlTemplate":"https:\/\/www.bkymuhendislik.com\/en\/?s={search_term_string}"},"query-input":"required name=search_term_string"}],"inLanguage":"tr"}]}},"_links":{"self":[{"href":"https:\/\/www.bkymuhendislik.com\/en\/wp-json\/wp\/v2\/pages\/673","targetHints":{"allow":["GET"]}}],"collection":[{"href":"https:\/\/www.bkymuhendislik.com\/en\/wp-json\/wp\/v2\/pages"}],"about":[{"href":"https:\/\/www.bkymuhendislik.com\/en\/wp-json\/wp\/v2\/types\/page"}],"author":[{"embeddable":true,"href":"https:\/\/www.bkymuhendislik.com\/en\/wp-json\/wp\/v2\/users\/1"}],"replies":[{"embeddable":true,"href":"https:\/\/www.bkymuhendislik.com\/en\/wp-json\/wp\/v2\/comments?post=673"}],"version-history":[{"count":4,"href":"https:\/\/www.bkymuhendislik.com\/en\/wp-json\/wp\/v2\/pages\/673\/revisions"}],"predecessor-version":[{"id":823,"href":"https:\/\/www.bkymuhendislik.com\/en\/wp-json\/wp\/v2\/pages\/673\/revisions\/823"}],"wp:attachment":[{"href":"https:\/\/www.bkymuhendislik.com\/en\/wp-json\/wp\/v2\/media?parent=673"}],"curies":[{"name":"wp","href":"https:\/\/api.w.org\/{rel}","templated":true}]}}